{"id":3258,"date":"2024-10-11T19:35:45","date_gmt":"2024-10-11T19:35:45","guid":{"rendered":"https:\/\/bandenplan.nl\/datenschutzbestimmungen\/"},"modified":"2024-11-07T13:36:33","modified_gmt":"2024-11-07T13:36:33","slug":"datenschutzbestimmungen","status":"publish","type":"page","link":"https:\/\/bandenplan.nl\/de\/datenschutzbestimmungen\/","title":{"rendered":"Datenschutzbestimmungen"},"content":{"rendered":"<style>.kb-row-layout-id3_4c2c7e-ac > .kt-row-column-wrap{align-content:center;}:where(.kb-row-layout-id3_4c2c7e-ac > .kt-row-column-wrap) > .wp-block-kadence-column{justify-content:center;}.kb-row-layout-id3_4c2c7e-ac > .kt-row-column-wrap{column-gap:var(--global-kb-gap-md, 2rem);row-gap:var(--global-kb-gap-md, 2rem);max-width:var( --global-content-width, 1290px );padding-left:var(--global-content-edge-padding);padding-right:var(--global-content-edge-padding);padding-top:var(--global-kb-spacing-4xl, 8rem);padding-right:var(--global-kb-spacing-sm, 1.5rem);padding-bottom:var(--global-kb-spacing-xl, 4rem);padding-left:var(--global-kb-spacing-sm, 1.5rem);min-height:400px;grid-template-columns:minmax(0, calc(50% - ((var(--global-kb-gap-md, 2rem) * 1 )\/2)))minmax(0, calc(50% - ((var(--global-kb-gap-md, 2rem) * 1 )\/2)));}.kb-row-layout-id3_4c2c7e-ac{background-image:url('https:\/\/bandenplan.nl\/wp-content\/uploads\/2024\/11\/media-background-scaled.webp');background-size:cover;background-position:center center;background-attachment:scroll;background-repeat:no-repeat;}.kb-row-layout-id3_4c2c7e-ac > .kt-row-layout-overlay{opacity:0.60;background-color:#05162a;}@media all and (max-width: 1024px){.kb-row-layout-id3_4c2c7e-ac > .kt-row-column-wrap{grid-template-columns:minmax(0, 1fr);}}@media all and (max-width: 767px){.kb-row-layout-id3_4c2c7e-ac > .kt-row-column-wrap{grid-template-columns:minmax(0, 1fr);}}<\/style><div class=\"kb-row-layout-wrap kb-row-layout-id3_4c2c7e-ac alignfull kt-row-has-bg wp-block-kadence-rowlayout\"><div class=\"kt-row-layout-overlay kt-row-overlay-normal\"><\/div><div class=\"kt-row-column-wrap kt-has-2-columns kt-row-layout-equal kt-tab-layout-row kt-mobile-layout-row kt-row-valign-middle kb-theme-content-width\">\n<style>.kadence-column3_7a0a4c-2a > .kt-inside-inner-col{padding-top:var(--global-kb-spacing-lg, 3rem);}.kadence-column3_7a0a4c-2a > .kt-inside-inner-col,.kadence-column3_7a0a4c-2a > .kt-inside-inner-col:before{border-top-left-radius:0px;border-top-right-radius:0px;border-bottom-right-radius:0px;border-bottom-left-radius:0px;}.kadence-column3_7a0a4c-2a > .kt-inside-inner-col{column-gap:var(--global-kb-gap-sm, 1rem);}.kadence-column3_7a0a4c-2a > .kt-inside-inner-col{flex-direction:column;}.kadence-column3_7a0a4c-2a > .kt-inside-inner-col > .aligncenter{width:100%;}.kadence-column3_7a0a4c-2a > .kt-inside-inner-col:before{opacity:0.3;}.kadence-column3_7a0a4c-2a{position:relative;}@media all and (max-width: 1024px){.kadence-column3_7a0a4c-2a{text-align:center;}}@media all and (max-width: 1024px){.kadence-column3_7a0a4c-2a > .kt-inside-inner-col{flex-direction:column;justify-content:center;}}@media all and (max-width: 767px){.kadence-column3_7a0a4c-2a > .kt-inside-inner-col{flex-direction:column;justify-content:center;}}<\/style>\n<div class=\"wp-block-kadence-column kadence-column3_7a0a4c-2a kb-section-dir-vertical inner-column-1\"><div class=\"kt-inside-inner-col\"><style>.wp-block-kadence-advancedheading.kt-adv-heading3_a0c4b6-d8, .wp-block-kadence-advancedheading.kt-adv-heading3_a0c4b6-d8[data-kb-block=\"kb-adv-heading3_a0c4b6-d8\"]{margin-top:0px;margin-bottom:var(--global-kb-spacing-xxs, 0.5rem);font-size:var(--global-kb-font-size-xl, 3rem);line-height:1.2;font-style:normal;}.wp-block-kadence-advancedheading.kt-adv-heading3_a0c4b6-d8 mark.kt-highlight, .wp-block-kadence-advancedheading.kt-adv-heading3_a0c4b6-d8[data-kb-block=\"kb-adv-heading3_a0c4b6-d8\"] mark.kt-highlight{font-style:normal;color:#f76a0c;-webkit-box-decoration-break:clone;box-decoration-break:clone;padding-top:0px;padding-right:0px;padding-bottom:0px;padding-left:0px;}.wp-block-kadence-advancedheading.kt-adv-heading3_a0c4b6-d8 img.kb-inline-image, .wp-block-kadence-advancedheading.kt-adv-heading3_a0c4b6-d8[data-kb-block=\"kb-adv-heading3_a0c4b6-d8\"] img.kb-inline-image{width:150px;vertical-align:baseline;}@media all and (max-width: 1024px){.wp-block-kadence-advancedheading.kt-adv-heading3_a0c4b6-d8, .wp-block-kadence-advancedheading.kt-adv-heading3_a0c4b6-d8[data-kb-block=\"kb-adv-heading3_a0c4b6-d8\"]{text-align:center!important;}}<\/style>\n<h1 class=\"kt-adv-heading3_a0c4b6-d8 wp-block-kadence-advancedheading has-theme-palette-9-color has-text-color\" data-kb-block=\"kb-adv-heading3_a0c4b6-d8\">Datenschutzbestimmungen<\/h1>\n<\/div><\/div>\n\n\n<style>.kadence-column3_ff23ee-21 > .kt-inside-inner-col,.kadence-column3_ff23ee-21 > .kt-inside-inner-col:before{border-top-left-radius:0px;border-top-right-radius:0px;border-bottom-right-radius:0px;border-bottom-left-radius:0px;}.kadence-column3_ff23ee-21 > .kt-inside-inner-col{column-gap:var(--global-kb-gap-sm, 1rem);}.kadence-column3_ff23ee-21 > .kt-inside-inner-col{flex-direction:column;}.kadence-column3_ff23ee-21 > .kt-inside-inner-col > .aligncenter{width:100%;}.kadence-column3_ff23ee-21 > .kt-inside-inner-col:before{opacity:0.3;}.kadence-column3_ff23ee-21{position:relative;}@media all and (max-width: 1024px){.kadence-column3_ff23ee-21 > .kt-inside-inner-col{flex-direction:column;justify-content:center;}}@media all and (max-width: 767px){.kadence-column3_ff23ee-21 > .kt-inside-inner-col{flex-direction:column;justify-content:center;}}<\/style>\n<div class=\"wp-block-kadence-column kadence-column3_ff23ee-21 kvs-md-false kvs-sm-false inner-column-2\"><div class=\"kt-inside-inner-col\"><\/div><\/div>\n\n<\/div><\/div><style>.kb-row-layout-id3_589662-ab > .kt-row-column-wrap{align-content:start;}:where(.kb-row-layout-id3_589662-ab > .kt-row-column-wrap) > .wp-block-kadence-column{justify-content:start;}.kb-row-layout-id3_589662-ab > .kt-row-column-wrap{column-gap:var(--global-kb-gap-md, 2rem);row-gap:var(--global-kb-gap-md, 2rem);max-width:var( --global-content-width, 1290px );padding-left:var(--global-content-edge-padding);padding-right:var(--global-content-edge-padding);padding-top:var(--global-kb-spacing-xl, 4rem);padding-bottom:var(--global-kb-spacing-sm, 1.5rem);grid-template-columns:minmax(0, 1fr);}.kb-row-layout-id3_589662-ab > .kt-row-layout-overlay{opacity:0.30;}@media all and (max-width: 1024px){.kb-row-layout-id3_589662-ab > .kt-row-column-wrap{grid-template-columns:minmax(0, 1fr);}}@media all and (max-width: 767px){.kb-row-layout-id3_589662-ab > .kt-row-column-wrap{grid-template-columns:minmax(0, 1fr);}}<\/style><div class=\"kb-row-layout-wrap kb-row-layout-id3_589662-ab alignnone wp-block-kadence-rowlayout\"><div class=\"kt-row-column-wrap kt-has-1-columns kt-row-layout-equal kt-tab-layout-inherit kt-mobile-layout-row kt-row-valign-top kb-theme-content-width\">\n<style>.kadence-column3_820d6c-4d > .kt-inside-inner-col,.kadence-column3_820d6c-4d > .kt-inside-inner-col:before{border-top-left-radius:0px;border-top-right-radius:0px;border-bottom-right-radius:0px;border-bottom-left-radius:0px;}.kadence-column3_820d6c-4d > .kt-inside-inner-col{column-gap:var(--global-kb-gap-sm, 1rem);}.kadence-column3_820d6c-4d > .kt-inside-inner-col{flex-direction:column;}.kadence-column3_820d6c-4d > .kt-inside-inner-col > .aligncenter{width:100%;}.kadence-column3_820d6c-4d > .kt-inside-inner-col:before{opacity:0.3;}.kadence-column3_820d6c-4d{position:relative;}@media all and (max-width: 1024px){.kadence-column3_820d6c-4d > .kt-inside-inner-col{flex-direction:column;justify-content:center;}}@media all and (max-width: 767px){.kadence-column3_820d6c-4d > .kt-inside-inner-col{flex-direction:column;justify-content:center;}}<\/style>\n<div class=\"wp-block-kadence-column kadence-column3_820d6c-4d\"><div class=\"kt-inside-inner-col\">\n<p>Datenschutzbestimmungen Banden Plan Europa B.V.<br\/>Zuletzt bearbeitet: 5 Mai 2022<\/p>\n\n\n\n<p><br\/>Diese Richtlinie kann aktualisiert werden; bitte stellen Sie sicher, dass Sie diese Seite regelm\u00e4\u00dfig \u00fcberpr\u00fcfen.<br\/>Willkommen auf www.bandenplan.nl, einer Website, die Ihnen von Banden Plan Europa<br\/>(&#8222;Banden Plan Europa&#8220;, &#8222;Wir&#8220; oder &#8222;Wir&#8220;) angeboten wird.<\/p>\n\n\n\n<p>Um Ihnen die M\u00f6glichkeit zu geben, die Kontrolle \u00fcber Ihre pers\u00f6nlichen Daten zu \u00fcbernehmen, haben wir diese einfach zu lesende<br\/>Datenschutzrichtlinie (&#8222;Richtlinie&#8220;) erstellt, die Sie \u00fcber die Verarbeitung pers\u00f6nlicher Daten<br\/>\u00fcber www.bandenplan.nl (&#8222;Website&#8220;) und den Umgang mit diesen Daten durch uns informieren soll. Die Erhebung und<br\/>Verarbeitung personenbezogener Daten \u00fcber diese Website erfolgt in \u00dcbereinstimmung mit den europ\u00e4ischen<br\/>Datenschutzgesetzen. <\/p>\n\n\n\n<ol class=\"wp-block-list\">\n<li>Wer wir sind?<br\/>Banden Plan Europa hat es sich zur Aufgabe gemacht, eine Reihe von reifenbezogenen Produkten und Dienstleistungen<br\/>f\u00fcr Flottenbesitzer, Reifenspezialisten und einzelne Autobesitzer anzubieten. Im Mittelpunkt dieser Aufgabe steht unsere<br\/>Verpflichtung zur Einhaltung der GDPR-Grunds\u00e4tze. Ihre Daten sind uns wichtig und wir<br\/>verpflichten uns, die Daten, die wir von Ihnen erfassen, transparent zu machen.  <\/li>\n<\/ol>\n\n\n\n<p>Banden Plan Europa B.V.<br\/>Heeswijk 135<br\/>3417 GP Montfoort<br\/>Die Niederlande<br\/>+31 (0)348 47 20 90<br\/>info@bandenplan.nl<\/p>\n\n\n\n<ol start=\"2\" class=\"wp-block-list\">\n<li>Welche Informationen sammeln wir und warum?<br\/>Insgesamt haben wir eine schlanke Website und Sie m\u00fcssen sich nicht bei uns registrieren, um unsere<br\/>Website zu nutzen. Wenn Sie bereits Kunde sind, haben Sie die M\u00f6glichkeit, auf unsere Plattform<br\/>zuzugreifen, wof\u00fcr Sie ein Konto ben\u00f6tigen.<br\/>Nichtsdestotrotz verarbeitet Banden Plan Europa einige personenbezogene Daten, damit die Website<br\/>funktioniert und um Ihnen die Website-Dienste anbieten zu k\u00f6nnen (weitere Erl\u00e4uterungen finden Sie in unseren Nutzungsbedingungen). <\/li>\n<\/ol>\n\n\n\n<p>Die personenbezogenen Daten, die wir verarbeiten, und der Zweck\/Verwendung derselben sind wie folgt:<br\/>2.1 Newsletter<br\/>Wir ben\u00f6tigen Ihre personenbezogenen Daten, um Ihnen unsere Newsletter zuzusenden, basierend auf Ihrer Entscheidung,<br\/>zu abonnieren. Sie haben jederzeit die M\u00f6glichkeit, sich abzumelden und diese<br\/>Nachrichten nicht mehr von uns zu erhalten. Ben\u00f6tigte Daten:  <\/p>\n\n\n\n<ul class=\"wp-block-list\">\n<li>Ihr Name<\/li>\n\n\n\n<li>Name der Organisation<\/li>\n\n\n\n<li>E-Mail Adresse<\/li>\n\n\n\n<li>Rufnummer<\/li>\n\n\n\n<li>IP-Adresse<\/li>\n\n\n\n<li>Sprache<\/li>\n\n\n\n<li>Land<br\/>2.2 Ressourcen<br\/>Wir verwenden Ihre personenbezogenen Daten, um Ihnen die Ressource, f\u00fcr die Sie sich interessieren, per E-Mail zuzusenden.<br\/>Da wir Ihr Interesse an uns festgestellt haben, verarbeiten wir Ihre personenbezogenen Daten weiter, um Ihnen ein einmaliges<br\/>Angebot f\u00fcr ein kostenloses Webinar zu machen. Ben\u00f6tigte Daten: <\/li>\n\n\n\n<li>Ihr Name<\/li>\n\n\n\n<li>Name der Organisation<\/li>\n\n\n\n<li>Telefonnummern<br\/>2.3 Kontaktformulare<br\/>Wir verwenden Ihre pers\u00f6nlichen Daten, um Live-Chat-Anfragen zu erleichtern und Ihnen \u00fcber unser Chat-Widget auf der Website<br\/>Unterst\u00fctzung zu bieten. Ben\u00f6tigte Daten: <\/li>\n\n\n\n<li>Ihr Name<\/li>\n\n\n\n<li>Name der Organisation<\/li>\n\n\n\n<li>Telefonnummern<br\/>Andere Zwecke, f\u00fcr die wir Ihre pers\u00f6nlichen Daten verarbeiten k\u00f6nnen, sind die folgenden:<\/li>\n<\/ul>\n\n\n\n<ol class=\"wp-block-list\">\n<li>Weiterverfolgung von rechtlichen Anfragen zu Missbrauchsberichten und NTD-Berichten;<\/li>\n\n\n\n<li>Soweit dies erforderlich ist, um Banden Plan Europa in Gerichtsverfahren in<br\/>Bezug auf oder als Folge Ihrer Nutzung von Banden Plan Europa zu verteidigen, einer gerichtlichen Anordnung zu folgen,<br\/>Gesetze, Verordnungen oder beh\u00f6rdliche Aufforderungen zu befolgen, mit der Strafverfolgung<br\/>zusammenzuarbeiten, die nationale Sicherheit, die Verteidigung, die \u00f6ffentliche Sicherheit, die \u00f6ffentliche Gesundheit,<br\/>zu sch\u00fctzen und um unsere Gesch\u00e4ftsbedingungen einzuhalten;<br\/>Um Ihre Benutzererfahrung zu verbessern und die Effektivit\u00e4t unserer Website<br\/>und der Website-Dienste zu messen, verwenden wir Cookies, die auch pers\u00f6nliche Daten von<br\/>Ihnen sammeln. Mehr dazu erfahren Sie im Abschnitt Cookies weiter unten. <\/li>\n\n\n\n<li>Was ist unsere Rechtsgrundlage f\u00fcr die Verarbeitung Ihrer personenbezogenen Daten?<br\/>3.1 Live-Chat, Meeting buchen, Ressourcen und Kontaktformulare:<br\/>Diese Verarbeitungsvorg\u00e4nge sind f\u00fcr die Erf\u00fcllung eines Vertrages erforderlich, in diesem<br\/>Fall f\u00fcr die Website-Dienste, die wir \u00fcber unsere Website anbieten, sowie f\u00fcr die dazugeh\u00f6rigen<br\/>Nutzungsbedingungen.<br\/>3.2 Newsletter<br\/>Wir kontaktieren Sie nur, wenn Sie uns Ihr Einverst\u00e4ndnis zur Zusendung von Newslettern<br\/>gegeben haben, indem Sie diese \u00fcber unsere Website abonniert haben.<br\/>Wenn Sie unser bestehender Kunde\/Partner sind, dann verarbeiten wir Ihre personenbezogenen Daten, um Ihnen<br\/>Newsletter im Rahmen unseres Vertrages mit Ihnen zuzusenden. Die Rechtsgrundlage ist in diesem Fall<br\/>Vertragserf\u00fcllung.<br\/>3.3 Ressourcen<br\/>Diese Verarbeitung liegt in unserem berechtigten Interesse, das in diesem Fall darin besteht, Ihnen einen n\u00e4heren Einblick<br\/>in Banden Plan Europa zu gew\u00e4hren, da Sie durch Ihr Engagement auf unserer<br\/>Website ein offensichtliches Interesse an uns haben. Um die Auswirkungen auf Ihre Grundrechte zu begrenzen, beschr\u00e4nken wir dies auf eine<br\/>einmalige Verarbeitung.<br\/>3.4 Rechtliche Anfragen \/ NTD-Berichte \/ Verteidigung in Gerichtsverfahren<br\/>Um unserer rechtlichen Verpflichtung nachzukommen. Im Falle eines Rechtsversto\u00dfes, einer mutma\u00dflich rechtswidrigen Handlung oder<br\/>wenn wir unsere Gesch\u00e4ftsbedingungen aufrechterhalten m\u00fcssen, m\u00fcssen wir in der Lage sein, (einige) Ihrer<br\/>pers\u00f6nlichen Daten zu suchen oder weiterzugeben.<br\/>3.5 Cookies<br\/>Bitte lesen Sie den Abschnitt \u00fcber Cookies weiter unten.  <\/li>\n\n\n\n<li>Welche Cookies verwenden wir?<br\/>Wie viele andere Dienste verwenden auch wir Cookies, Pixel und \u00e4hnliche Technologien, um sich Dinge<br\/>\u00fcber Sie zu merken, damit wir Ihnen ein besseres und effizienteres Erlebnis bieten k\u00f6nnen. Dies hilft<br\/>uns zu verstehen, wie Sie unsere Dienste nutzen, damit wir sie verbessern k\u00f6nnen. Cookies sind<br\/>kleine Datendateien, die auf Ihrem Browser oder Ger\u00e4t gespeichert werden, wenn Sie auf unsere Website zugreifen. Pixels sind<br\/>kleine Bilder auf einer Webseite oder in einer E-Mail. In der nachstehenden Tabelle wird erl\u00e4utert, welche Technologie wir<br\/>verwenden und warum.<br\/>4.1 Strictly Necessary<br\/>Zweck: Wir verwenden diese Cookies, um sicherzustellen, dass wir Ihnen unsere Website anbieten k\u00f6nnen. Diese<br\/>Cookies werden jedes Mal verwendet, wenn Sie auf unsere Website zugreifen. Sie sind insbesondere notwendig, um:      <\/li>\n<\/ol>\n\n\n\n<ul class=\"wp-block-list\">\n<li>Aktivieren Sie grundlegende Funktionen wie die Seitennavigation und den Zugriff auf sichere Bereiche der Website<br\/>;<\/li>\n\n\n\n<li>Wir verwenden Ihre Browserinformationen, um die optimale Website f\u00fcr Ihre Bildschirmeinstellungen<br\/>bereitzustellen;<\/li>\n\n\n\n<li>Identifizieren Sie vertrauensw\u00fcrdigen Webverkehr.<br\/>Rechtsgrundlage: Diese Cookies sind f\u00fcr die Nutzung der Website erforderlich und fallen unter<br\/>die allgemeine Ausnahme von der Einwilligung gem\u00e4\u00df der ePrivacy-Richtlinie. Wir st\u00fctzen uns auf das berechtigte<br\/>Interesse als Rechtsgrundlage f\u00fcr die Verarbeitung personenbezogener Daten im Zusammenhang mit diesen Cookies.<br\/>4.2 Funktionaler<br\/>Zweck: Wir verwenden diese Cookies, um sicherzustellen, dass alle Funktionen der Website<br\/>optimal funktionieren, um die Benutzerfreundlichkeit zu verbessern. Sie sind insbesondere<br\/>notwendig, um:  <\/li>\n\n\n\n<li>Bieten Sie die Website in der richtigen Sprache an, abh\u00e4ngig von Ihrem Standort;<\/li>\n\n\n\n<li>Ihnen andere Funktionen wie z.B. eingebettete Videos anzubieten.<br\/>Rechtsgrundlage: Wir verlassen uns dabei auf Ihre Zustimmung. Sie k\u00f6nnen diese Cookies ganz einfach entfernen, indem Sie<br\/>Ihren Browser l\u00f6schen oder \u00fcber http:\/\/www.youronlinechoices.eu\/<br\/>4.3 Analytischer<br\/>Zweck: Wir verwenden Cookies, um die Nutzung und Effektivit\u00e4t unserer<br\/>Website zu analysieren und zu messen, und auch, um die Effektivit\u00e4t unserer Werbekampagnen auf<br\/>Plattformen Dritter zu verfolgen. Wir verwenden analytische Cookies auch, um Bots und b\u00f6sartiges Verhalten wie<br\/>Spam zu stoppen. Wenn wir analytische Cookies verwenden, kann es sich dabei auch um Cookies von Drittanbietern handeln, die Sie in<br\/>der Cookie-Liste finden. Diese analytischen Cookies von Drittanbietern verarbeiten personenbezogene Daten, die<br\/>ebenfalls in der Cookie-Liste aufgef\u00fchrt sind.<br\/>Dies hilft uns,:    <\/li>\n\n\n\n<li>Messen Sie unsere Website-Besuche;<\/li>\n\n\n\n<li>Messen Sie die Zeit, die ein Besucher auf unseren Seiten verbringt;<\/li>\n\n\n\n<li>Messen Sie, welche Elemente unserer Website h\u00e4ufig besucht werden;<\/li>\n\n\n\n<li>unsere Website benutzerfreundlicher zu gestalten; und<\/li>\n\n\n\n<li>Verfolgen Sie die Wirksamkeit unserer Werbung, Angebote und Kampagnen.<\/li>\n\n\n\n<li>Messen Sie, inwieweit E-Mails, wie z.B. Newsletter, ge\u00f6ffnet werden.<br\/>Rechtsgrundlage: Wir verlassen uns dabei auf Ihre Zustimmung. Sie k\u00f6nnen diese Cookies entfernen, indem Sie<br\/>Ihren Browser l\u00f6schen oder \u00fcber http:\/\/www.youronlinechoices.eu\/<br\/>4.4 Werbung:<br\/>Zweck: Diese Cookies werden f\u00fcr kommerzielle, redaktionelle und werbliche Zwecke verwendet.<br\/>Sie erm\u00f6glichen es, Ihr Verhalten \u00fcber verschiedene Domains und Websites hinweg zu verfolgen, um<br\/>ma\u00dfgeschneiderte Werbeinhalte anzuzeigen, die auf Ihren Interessen und Vorlieben basieren, genauer gesagt: <\/li>\n\n\n\n<li>Um Ihre Website-Besuche zu messen und Ihre Interessen zu erfassen;<\/li>\n\n\n\n<li>Zur Weitergabe des Browserverlaufs auf unserer Website an unsere ausgew\u00e4hlten Partner;<\/li>\n\n\n\n<li>Nutzung von Diensten Dritter, um relevante Werbung anzuzeigen; und<\/li>\n\n\n\n<li>Um Ihnen mehr Informationen \u00fcber die Produkte zu geben, an denen Sie zuvor Interesse gezeigt haben<br\/>.<br\/>Werbe-Cookies werden oft von Dritten gesetzt. Banden Plan Europa<br\/>hat keinen Zugang zu oder Kontrolle \u00fcber pers\u00f6nliche Daten, die \u00fcber diese Cookies oder \u00e4hnliche<br\/>Technologien gesammelt werden, die Werbetreibende und Dritte m\u00f6glicherweise verwenden. Wo immer m\u00f6glich, haben wir<br\/>versucht, Ihnen so viele Informationen wie m\u00f6glich zur Verf\u00fcgung zu stellen; wir verweisen Sie jedoch auf die<br\/>Datenschutzerkl\u00e4rung dieser Dritten, um zu erfahren, wie sie mit pers\u00f6nlichen Daten umgehen.<br\/>Rechtsgrundlage: Wir verlassen uns dabei auf Ihre Zustimmung. Sie k\u00f6nnen diese Cookies entfernen, indem Sie<br\/>Ihren Browser leeren oder \u00fcber http:\/\/www.youronlinechoices.eu\/   <\/li>\n<\/ul>\n\n\n\n<ol class=\"wp-block-list\">\n<li>Wie lange werden Ihre Daten gespeichert?<br\/>Banden Plan Europa speichert Ihre Daten so lange, wie es f\u00fcr den Zweck<br\/>notwendig ist, f\u00fcr den sie bereitgestellt wurden. Wir gehen regelm\u00e4\u00dfig unsere Systeme durch, um zu \u00fcberpr\u00fcfen, ob Ihre pers\u00f6nlichen<br\/>Daten f\u00fcr die Zwecke, f\u00fcr die sie zur Verf\u00fcgung gestellt wurden, noch notwendig sind.<br\/>Wir stellen sicher, dass alles, was Sie uns \u00fcber unsere Website schicken, sicher und gesch\u00fctzt ist. Unsere<br\/>Website wird auf einem Server in der EU gehostet. Banden Plan Europa<br\/>ergreift angemessene technische und organisatorische Ma\u00dfnahmen, um Ihre pers\u00f6nlichen Daten vor<br\/>Verlust, Diebstahl oder anderen Formen des unbefugten Zugriffs\/der unbefugten Nutzung zu sch\u00fctzen. Wir stellen sicher, dass personenbezogene Daten<br\/>nur denjenigen zug\u00e4nglich sind, die den Zugang ben\u00f6tigen, um ihre Arbeit zu erledigen, und die entsprechend geschult<br\/>und autorisiert sind.<br\/>Wir stellen auch sicher, dass unsere Partner \u00e4hnliche organisatorische und technische<br\/>Ma\u00dfnahmen ergriffen haben, um Ihre Daten vor Diebstahl, Verlust oder jeder Art von Nutzung zu sch\u00fctzen, die nicht dem<br\/>Zweck entspricht, f\u00fcr den die Daten erhoben wurden.    <\/li>\n\n\n\n<li>Wie k\u00f6nnen Sie Ihre Rechte als Betroffener aus\u00fcben?<br\/>Wenn Sie weitere Fragen zu dieser Datenschutzerkl\u00e4rung haben oder Ihr<br\/>Recht auf Widerspruch gegen die Verarbeitung Ihrer personenbezogenen Daten (wie L\u00f6schung, \u00c4nderung und Zugriff\/<br\/>\u00dcbertragbarkeit) aus\u00fcben m\u00f6chten, Ihre vorherige Zustimmung zur\u00fcckziehen m\u00f6chten oder andere Anliegen haben, senden Sie bitte eine E-Mail<br\/>an info@bandenplan.nl<br\/>. Wenn Sie auf Ihre Daten, die \u00fcber diese Website verarbeitet werden, zugreifen m\u00f6chten, k\u00f6nnen Sie eine<br\/>Anfrage per E-Mail an info@bandenplan.nl senden. Um Ihre Identit\u00e4t zu \u00fcberpr\u00fcfen, bitten wir<br\/>Sie, Ihrer Anfrage eine Fotokopie Ihres Ausweises beizuf\u00fcgen. Bitte stellen Sie sicher, dass Sie<br\/>Ihr Foto und Ihre Sozialversicherungsnummer schw\u00e4rzen.<br\/>Wir werden Ihre Anfrage so schnell wie m\u00f6glich bearbeiten, h\u00f6chstens jedoch innerhalb von vier Wochen.  <\/li>\n<\/ol>\n\n\n\n<p>Bitte lesen Sie die nachstehenden Datenschutzrichtlinien der Drittanbieter, deren Cookies\/Z\u00e4hlpixel<br\/>wir verwenden, um mehr \u00fcber deren Verfahren zur Verarbeitung personenbezogener Daten<br\/>zu erfahren und zu verstehen, sowie deren Anleitung zum Entfernen ihrer Cookies.<\/p>\n\n\n\n<ol start=\"7\" class=\"wp-block-list\">\n<li>Wo k\u00f6nnen Sie die Datenschutzerkl\u00e4rungen von Dritten finden, die wir<br\/>nutzen?<\/li>\n\n\n\n<li>Google<br\/>https:\/\/policies.google.com\/privacy?hl=en<\/li>\n\n\n\n<li>Google Analytics<br\/>https:\/\/support.google.com\/analytics\/topic\/2919631?hl=en&amp;ref_topic=1008008<\/li>\n\n\n\n<li>LinkedIn<br\/>https:\/\/www.linkedin.com\/legal\/cookie-policy<\/li>\n\n\n\n<li>Vimeo<br\/>https:\/\/vimeo.com\/cookie_policy<\/li>\n<\/ol>\n<\/div><\/div>\n\n<\/div><\/div>","protected":false},"excerpt":{"rendered":"<p>Datenschutzbestimmungen Datenschutzbestimmungen Banden Plan Europa B.V.Zuletzt bearbeitet: 5 Mai 2022 Diese Richtlinie kann aktualisiert werden; bitte stellen Sie sicher, dass Sie diese Seite regelm\u00e4\u00dfig \u00fcberpr\u00fcfen.Willkommen auf www.bandenplan.nl, einer Website, die Ihnen von Banden Plan Europa(&#8222;Banden Plan Europa&#8220;, &#8222;Wir&#8220; oder &#8222;Wir&#8220;) angeboten wird. Um Ihnen die M\u00f6glichkeit zu geben, die Kontrolle \u00fcber Ihre pers\u00f6nlichen Daten zu&#8230;<\/p>\n","protected":false},"author":1,"featured_media":0,"parent":0,"menu_order":0,"comment_status":"closed","ping_status":"open","template":"","meta":{"_kad_blocks_custom_css":"","_kad_blocks_head_custom_js":"","_kad_blocks_body_custom_js":"","_kad_blocks_footer_custom_js":"","_kadence_starter_templates_imported_post":false,"_kad_post_transparent":"","_kad_post_title":"","_kad_post_layout":"","_kad_post_sidebar_id":"","_kad_post_content_style":"","_kad_post_vertical_padding":"","_kad_post_feature":"","_kad_post_feature_position":"","_kad_post_header":false,"_kad_post_footer":false,"_kad_post_classname":"","footnotes":""},"class_list":["post-3258","page","type-page","status-publish","hentry"],"taxonomy_info":[],"featured_image_src_large":false,"author_info":{"display_name":"Banden Plan Europa","author_link":"https:\/\/bandenplan.nl\/de\/author\/kargrojohannesvanurk-com\/"},"comment_info":0,"_links":{"self":[{"href":"https:\/\/bandenplan.nl\/de\/wp-json\/wp\/v2\/pages\/3258","targetHints":{"allow":["GET"]}}],"collection":[{"href":"https:\/\/bandenplan.nl\/de\/wp-json\/wp\/v2\/pages"}],"about":[{"href":"https:\/\/bandenplan.nl\/de\/wp-json\/wp\/v2\/types\/page"}],"author":[{"embeddable":true,"href":"https:\/\/bandenplan.nl\/de\/wp-json\/wp\/v2\/users\/1"}],"replies":[{"embeddable":true,"href":"https:\/\/bandenplan.nl\/de\/wp-json\/wp\/v2\/comments?post=3258"}],"version-history":[{"count":1,"href":"https:\/\/bandenplan.nl\/de\/wp-json\/wp\/v2\/pages\/3258\/revisions"}],"predecessor-version":[{"id":3259,"href":"https:\/\/bandenplan.nl\/de\/wp-json\/wp\/v2\/pages\/3258\/revisions\/3259"}],"wp:attachment":[{"href":"https:\/\/bandenplan.nl\/de\/wp-json\/wp\/v2\/media?parent=3258"}],"curies":[{"name":"wp","href":"https:\/\/api.w.org\/{rel}","templated":true}]}}