{"id":3375,"date":"2024-11-06T18:02:54","date_gmt":"2024-11-06T18:02:54","guid":{"rendered":"https:\/\/bandenplan.nl\/medien\/"},"modified":"2024-11-07T13:37:59","modified_gmt":"2024-11-07T13:37:59","slug":"medien","status":"publish","type":"page","link":"https:\/\/bandenplan.nl\/de\/medien\/","title":{"rendered":"Medien"},"content":{"rendered":"<style>.kb-row-layout-id2930_e3205a-0c > .kt-row-column-wrap{align-content:center;}:where(.kb-row-layout-id2930_e3205a-0c > .kt-row-column-wrap) > .wp-block-kadence-column{justify-content:center;}.kb-row-layout-id2930_e3205a-0c > .kt-row-column-wrap{column-gap:var(--global-kb-gap-md, 2rem);row-gap:var(--global-kb-gap-md, 2rem);max-width:var( --global-content-width, 1290px );padding-left:var(--global-content-edge-padding);padding-right:var(--global-content-edge-padding);padding-top:var(--global-kb-spacing-4xl, 8rem);padding-right:var(--global-kb-spacing-sm, 1.5rem);padding-bottom:var(--global-kb-spacing-xl, 4rem);padding-left:var(--global-kb-spacing-sm, 1.5rem);min-height:400px;grid-template-columns:minmax(0, calc(50% - ((var(--global-kb-gap-md, 2rem) * 1 )\/2)))minmax(0, calc(50% - ((var(--global-kb-gap-md, 2rem) * 1 )\/2)));}.kb-row-layout-id2930_e3205a-0c{background-image:url('https:\/\/bandenplan.nl\/wp-content\/uploads\/2024\/11\/media-background-scaled.webp');background-size:cover;background-position:center center;background-attachment:scroll;background-repeat:no-repeat;}.kb-row-layout-id2930_e3205a-0c > .kt-row-layout-overlay{opacity:0.60;background-color:#05162a;}@media all and (max-width: 1024px){.kb-row-layout-id2930_e3205a-0c > .kt-row-column-wrap{grid-template-columns:minmax(0, 1fr);}}@media all and (max-width: 767px){.kb-row-layout-id2930_e3205a-0c > .kt-row-column-wrap{grid-template-columns:minmax(0, 1fr);}}<\/style><div class=\"kb-row-layout-wrap kb-row-layout-id2930_e3205a-0c alignfull kt-row-has-bg wp-block-kadence-rowlayout\"><div class=\"kt-row-layout-overlay kt-row-overlay-normal\"><\/div><div class=\"kt-row-column-wrap kt-has-2-columns kt-row-layout-equal kt-tab-layout-row kt-mobile-layout-row kt-row-valign-middle kb-theme-content-width\">\n<style>.kadence-column2930_6c956b-bb > .kt-inside-inner-col{padding-top:var(--global-kb-spacing-lg, 3rem);}.kadence-column2930_6c956b-bb > .kt-inside-inner-col,.kadence-column2930_6c956b-bb > .kt-inside-inner-col:before{border-top-left-radius:0px;border-top-right-radius:0px;border-bottom-right-radius:0px;border-bottom-left-radius:0px;}.kadence-column2930_6c956b-bb > .kt-inside-inner-col{column-gap:var(--global-kb-gap-sm, 1rem);}.kadence-column2930_6c956b-bb > .kt-inside-inner-col{flex-direction:column;}.kadence-column2930_6c956b-bb > .kt-inside-inner-col > .aligncenter{width:100%;}.kadence-column2930_6c956b-bb > .kt-inside-inner-col:before{opacity:0.3;}.kadence-column2930_6c956b-bb{position:relative;}@media all and (max-width: 1024px){.kadence-column2930_6c956b-bb{text-align:center;}}@media all and (max-width: 1024px){.kadence-column2930_6c956b-bb > .kt-inside-inner-col{flex-direction:column;justify-content:center;}}@media all and (max-width: 767px){.kadence-column2930_6c956b-bb > .kt-inside-inner-col{flex-direction:column;justify-content:center;}}<\/style>\n<div class=\"wp-block-kadence-column kadence-column2930_6c956b-bb kb-section-dir-vertical inner-column-1\"><div class=\"kt-inside-inner-col\"><style>.wp-block-kadence-advancedheading.kt-adv-heading2930_b0a727-52, .wp-block-kadence-advancedheading.kt-adv-heading2930_b0a727-52[data-kb-block=\"kb-adv-heading2930_b0a727-52\"]{margin-top:0px;margin-bottom:var(--global-kb-spacing-xxs, 0.5rem);font-size:var(--global-kb-font-size-xl, 3rem);line-height:1.2;font-style:normal;}.wp-block-kadence-advancedheading.kt-adv-heading2930_b0a727-52 mark.kt-highlight, .wp-block-kadence-advancedheading.kt-adv-heading2930_b0a727-52[data-kb-block=\"kb-adv-heading2930_b0a727-52\"] mark.kt-highlight{font-style:normal;color:#f76a0c;-webkit-box-decoration-break:clone;box-decoration-break:clone;padding-top:0px;padding-right:0px;padding-bottom:0px;padding-left:0px;}.wp-block-kadence-advancedheading.kt-adv-heading2930_b0a727-52 img.kb-inline-image, .wp-block-kadence-advancedheading.kt-adv-heading2930_b0a727-52[data-kb-block=\"kb-adv-heading2930_b0a727-52\"] img.kb-inline-image{width:150px;vertical-align:baseline;}@media all and (max-width: 1024px){.wp-block-kadence-advancedheading.kt-adv-heading2930_b0a727-52, .wp-block-kadence-advancedheading.kt-adv-heading2930_b0a727-52[data-kb-block=\"kb-adv-heading2930_b0a727-52\"]{text-align:center!important;}}<\/style>\n<h1 class=\"kt-adv-heading2930_b0a727-52 wp-block-kadence-advancedheading has-theme-palette-9-color has-text-color\" data-kb-block=\"kb-adv-heading2930_b0a727-52\">Medien<\/h1>\n<\/div><\/div>\n\n\n<style>.kadence-column2930_df3692-dd > .kt-inside-inner-col,.kadence-column2930_df3692-dd > .kt-inside-inner-col:before{border-top-left-radius:0px;border-top-right-radius:0px;border-bottom-right-radius:0px;border-bottom-left-radius:0px;}.kadence-column2930_df3692-dd > .kt-inside-inner-col{column-gap:var(--global-kb-gap-sm, 1rem);}.kadence-column2930_df3692-dd > .kt-inside-inner-col{flex-direction:column;}.kadence-column2930_df3692-dd > .kt-inside-inner-col > .aligncenter{width:100%;}.kadence-column2930_df3692-dd > .kt-inside-inner-col:before{opacity:0.3;}.kadence-column2930_df3692-dd{position:relative;}@media all and (max-width: 1024px){.kadence-column2930_df3692-dd > .kt-inside-inner-col{flex-direction:column;justify-content:center;}}@media all and (max-width: 767px){.kadence-column2930_df3692-dd > .kt-inside-inner-col{flex-direction:column;justify-content:center;}}<\/style>\n<div class=\"wp-block-kadence-column kadence-column2930_df3692-dd kvs-md-false kvs-sm-false inner-column-2\"><div class=\"kt-inside-inner-col\"><\/div><\/div>\n\n<\/div><\/div><style>.kb-row-layout-id2930_5e6b85-72 > .kt-row-column-wrap{align-content:start;}:where(.kb-row-layout-id2930_5e6b85-72 > .kt-row-column-wrap) > .wp-block-kadence-column{justify-content:start;}.kb-row-layout-id2930_5e6b85-72 > .kt-row-column-wrap{column-gap:var(--global-kb-gap-md, 2rem);row-gap:var(--global-kb-gap-md, 2rem);max-width:var( --global-content-width, 1290px );padding-left:var(--global-content-edge-padding);padding-right:var(--global-content-edge-padding);padding-top:var(--global-kb-spacing-xxl, 5rem);padding-bottom:var(--global-kb-spacing-5xl, 10rem);grid-template-columns:minmax(0, 1fr);}.kb-row-layout-id2930_5e6b85-72 > .kt-row-layout-overlay{opacity:0.20;mix-blend-mode:multiply;}@media all and (max-width: 1024px){.kb-row-layout-id2930_5e6b85-72 > .kt-row-column-wrap{grid-template-columns:minmax(0, 1fr);}}@media all and (max-width: 767px){.kb-row-layout-id2930_5e6b85-72 > .kt-row-column-wrap{grid-template-columns:minmax(0, 1fr);}}<\/style><div class=\"kb-row-layout-wrap kb-row-layout-id2930_5e6b85-72 alignfull has-theme-palette9-background-color kt-row-has-bg wp-block-kadence-rowlayout\"><div class=\"kt-row-column-wrap kt-has-1-columns kt-row-layout-equal kt-tab-layout-inherit kt-mobile-layout-row kt-row-valign-top kb-theme-content-width\">\n<style>.kadence-column2930_0de429-79 > .kt-inside-inner-col,.kadence-column2930_0de429-79 > .kt-inside-inner-col:before{border-top-left-radius:0px;border-top-right-radius:0px;border-bottom-right-radius:0px;border-bottom-left-radius:0px;}.kadence-column2930_0de429-79 > .kt-inside-inner-col{column-gap:var(--global-kb-gap-sm, 1rem);}.kadence-column2930_0de429-79 > .kt-inside-inner-col{flex-direction:column;}.kadence-column2930_0de429-79 > .kt-inside-inner-col > .aligncenter{width:100%;}.kadence-column2930_0de429-79 > .kt-inside-inner-col:before{opacity:0.3;}.kadence-column2930_0de429-79{position:relative;}@media all and (max-width: 1024px){.kadence-column2930_0de429-79 > .kt-inside-inner-col{flex-direction:column;justify-content:center;}}@media all and (max-width: 767px){.kadence-column2930_0de429-79 > .kt-inside-inner-col{flex-direction:column;justify-content:center;}}<\/style>\n<div class=\"wp-block-kadence-column kadence-column2930_0de429-79 inner-column-1\"><div class=\"kt-inside-inner-col\"><style>.wp-block-kadence-advancedheading.kt-adv-heading2930_35ef44-4b, .wp-block-kadence-advancedheading.kt-adv-heading2930_35ef44-4b[data-kb-block=\"kb-adv-heading2930_35ef44-4b\"]{margin-top:0px;margin-bottom:var(--global-kb-spacing-xs, 1rem);font-size:var(--global-kb-font-size-lg, 2rem);line-height:1.2;font-style:normal;}.wp-block-kadence-advancedheading.kt-adv-heading2930_35ef44-4b mark.kt-highlight, .wp-block-kadence-advancedheading.kt-adv-heading2930_35ef44-4b[data-kb-block=\"kb-adv-heading2930_35ef44-4b\"] mark.kt-highlight{font-style:normal;color:#f76a0c;-webkit-box-decoration-break:clone;box-decoration-break:clone;padding-top:0px;padding-right:0px;padding-bottom:0px;padding-left:0px;}.wp-block-kadence-advancedheading.kt-adv-heading2930_35ef44-4b img.kb-inline-image, .wp-block-kadence-advancedheading.kt-adv-heading2930_35ef44-4b[data-kb-block=\"kb-adv-heading2930_35ef44-4b\"] img.kb-inline-image{width:150px;vertical-align:baseline;}<\/style>\n<h2 class=\"kt-adv-heading2930_35ef44-4b wp-block-kadence-advancedheading has-theme-palette-3-color has-text-color\" data-kb-block=\"kb-adv-heading2930_35ef44-4b\">Kargro Unternehmensfilm<\/h2>\n\n\n<style>.wp-block-kadence-advancedheading.kt-adv-heading2930_994cf3-db, .wp-block-kadence-advancedheading.kt-adv-heading2930_994cf3-db[data-kb-block=\"kb-adv-heading2930_994cf3-db\"]{font-style:normal;}.wp-block-kadence-advancedheading.kt-adv-heading2930_994cf3-db mark.kt-highlight, .wp-block-kadence-advancedheading.kt-adv-heading2930_994cf3-db[data-kb-block=\"kb-adv-heading2930_994cf3-db\"] mark.kt-highlight{font-style:normal;color:#f76a0c;-webkit-box-decoration-break:clone;box-decoration-break:clone;padding-top:0px;padding-right:0px;padding-bottom:0px;padding-left:0px;}.wp-block-kadence-advancedheading.kt-adv-heading2930_994cf3-db img.kb-inline-image, .wp-block-kadence-advancedheading.kt-adv-heading2930_994cf3-db[data-kb-block=\"kb-adv-heading2930_994cf3-db\"] img.kb-inline-image{width:150px;vertical-align:baseline;}<\/style>\n<p class=\"kt-adv-heading2930_994cf3-db wp-block-kadence-advancedheading\" data-kb-block=\"kb-adv-heading2930_994cf3-db\">In diesem kurzen Kargro Unternehmensfilm stellen wir Ihnen unsere Fabrik, ihren Zweck und die \u00fcbergreifende Mission unseres Unternehmens vor. Sie erfahren etwas \u00fcber unseren sorgf\u00e4ltigen Prozess und die Abl\u00e4ufe, die ihn unterst\u00fctzen. Au\u00dferdem werfen wir einen Blick auf die verschiedenen Methoden, die unsere Fabriken abdecken. Kurzum, wir hei\u00dfen Sie in unserer Welt willkommen und sind sicher, dass Sie hier finden, was Sie f\u00fcr Ihre n\u00e4chsten Auftr\u00e4ge ben\u00f6tigen.   <\/p>\n\n\n\n<figure class=\"wp-block-embed is-type-video is-provider-vimeo wp-block-embed-vimeo wp-embed-aspect-16-9 wp-has-aspect-ratio\"><div class=\"wp-block-embed__wrapper\">\n<iframe loading=\"lazy\" title=\"Kargro Recycling\" src=\"https:\/\/player.vimeo.com\/video\/302355709?dnt=1&amp;app_id=122963\" width=\"720\" height=\"405\" frameborder=\"0\" allow=\"autoplay; fullscreen; picture-in-picture; clipboard-write\"><\/iframe>\n<\/div><\/figure>\n<\/div><\/div>\n\n<\/div><\/div>","protected":false},"excerpt":{"rendered":"<p>Medien Kargro Unternehmensfilm In diesem kurzen Kargro Unternehmensfilm stellen wir Ihnen unsere Fabrik, ihren Zweck und die \u00fcbergreifende Mission unseres Unternehmens vor. Sie erfahren etwas \u00fcber unseren sorgf\u00e4ltigen Prozess und die Abl\u00e4ufe, die ihn unterst\u00fctzen. Au\u00dferdem werfen wir einen Blick auf die verschiedenen Methoden, die unsere Fabriken abdecken. Kurzum, wir hei\u00dfen Sie in unserer Welt&#8230;<\/p>\n","protected":false},"author":1,"featured_media":0,"parent":0,"menu_order":0,"comment_status":"closed","ping_status":"closed","template":"","meta":{"_kad_blocks_custom_css":"","_kad_blocks_head_custom_js":"","_kad_blocks_body_custom_js":"","_kad_blocks_footer_custom_js":"","_kadence_starter_templates_imported_post":false,"_kad_post_transparent":"","_kad_post_title":"","_kad_post_layout":"","_kad_post_sidebar_id":"","_kad_post_content_style":"","_kad_post_vertical_padding":"","_kad_post_feature":"","_kad_post_feature_position":"","_kad_post_header":false,"_kad_post_footer":false,"_kad_post_classname":"","footnotes":""},"class_list":["post-3375","page","type-page","status-publish","hentry"],"taxonomy_info":[],"featured_image_src_large":false,"author_info":{"display_name":"Banden Plan Europa","author_link":"https:\/\/bandenplan.nl\/de\/author\/kargrojohannesvanurk-com\/"},"comment_info":0,"_links":{"self":[{"href":"https:\/\/bandenplan.nl\/de\/wp-json\/wp\/v2\/pages\/3375","targetHints":{"allow":["GET"]}}],"collection":[{"href":"https:\/\/bandenplan.nl\/de\/wp-json\/wp\/v2\/pages"}],"about":[{"href":"https:\/\/bandenplan.nl\/de\/wp-json\/wp\/v2\/types\/page"}],"author":[{"embeddable":true,"href":"https:\/\/bandenplan.nl\/de\/wp-json\/wp\/v2\/users\/1"}],"replies":[{"embeddable":true,"href":"https:\/\/bandenplan.nl\/de\/wp-json\/wp\/v2\/comments?post=3375"}],"version-history":[{"count":1,"href":"https:\/\/bandenplan.nl\/de\/wp-json\/wp\/v2\/pages\/3375\/revisions"}],"predecessor-version":[{"id":3376,"href":"https:\/\/bandenplan.nl\/de\/wp-json\/wp\/v2\/pages\/3375\/revisions\/3376"}],"wp:attachment":[{"href":"https:\/\/bandenplan.nl\/de\/wp-json\/wp\/v2\/media?parent=3375"}],"curies":[{"name":"wp","href":"https:\/\/api.w.org\/{rel}","templated":true}]}}