{"id":3650,"date":"2025-03-31T15:20:56","date_gmt":"2025-03-31T15:20:56","guid":{"rendered":"https:\/\/bandenplan.nl\/ubo\/"},"modified":"2025-03-31T15:31:24","modified_gmt":"2025-03-31T15:31:24","slug":"ubo","status":"publish","type":"page","link":"https:\/\/bandenplan.nl\/de\/ubo\/","title":{"rendered":"UBO-Fabrik wird stillgelegt"},"content":{"rendered":"<style>.kb-row-layout-id3625_419d43-9c > .kt-row-column-wrap{align-content:start;}:where(.kb-row-layout-id3625_419d43-9c > .kt-row-column-wrap) > .wp-block-kadence-column{justify-content:start;}.kb-row-layout-id3625_419d43-9c > .kt-row-column-wrap{column-gap:var(--global-kb-gap-md, 2rem);row-gap:var(--global-kb-gap-md, 2rem);max-width:var( --global-content-width, 1290px );padding-left:var(--global-content-edge-padding);padding-right:var(--global-content-edge-padding);padding-top:150px;padding-right:20px;padding-bottom:150px;padding-left:20px;grid-template-columns:minmax(0, calc(66.7% - ((var(--global-kb-gap-md, 2rem) * 1 )\/2)))minmax(0, calc(33.3% - ((var(--global-kb-gap-md, 2rem) * 1 )\/2)));}.kb-row-layout-id3625_419d43-9c{background-image:url('https:\/\/bandenplan.nl\/wp-content\/uploads\/2025\/03\/2022-04-14-Banden-Plan-Europa-2957-scaled.jpg');background-size:cover;background-position:center center;background-attachment:fixed;background-repeat:no-repeat;}.kb-row-layout-id3625_419d43-9c > .kt-row-layout-overlay{opacity:0.50;background-color:var(--global-palette9, #ffffff);}@media all and (max-width: 1024px), only screen and (min-device-width: 1024px) and (max-device-width: 1366px) and (-webkit-min-device-pixel-ratio: 2) and (hover: none){.kb-row-layout-id3625_419d43-9c{background-attachment:scroll;}}@media all and (max-width: 1024px){.kb-row-layout-id3625_419d43-9c > .kt-row-column-wrap{padding-top:80px;padding-right:150px;padding-bottom:60px;padding-left:150px;grid-template-columns:minmax(0, 1fr);}}@media all and (max-width: 767px){.kb-row-layout-id3625_419d43-9c > .kt-row-column-wrap{padding-top:60px;padding-right:30px;padding-bottom:20px;padding-left:30px;grid-template-columns:minmax(0, 1fr);}}<\/style><div class=\"kb-row-layout-wrap kb-row-layout-id3625_419d43-9c alignfull kt-row-has-bg wp-block-kadence-rowlayout\"><div class=\"kt-row-layout-overlay kt-row-overlay-normal\"><\/div><div class=\"kt-row-column-wrap kt-has-2-columns kt-row-layout-equal kt-tab-layout-row kt-mobile-layout-row kt-row-valign-top kb-theme-content-width\">\n<style>.kadence-column3625_5f4dfc-9c > .kt-inside-inner-col,.kadence-column3625_5f4dfc-9c > .kt-inside-inner-col:before{border-top-left-radius:0px;border-top-right-radius:0px;border-bottom-right-radius:0px;border-bottom-left-radius:0px;}.kadence-column3625_5f4dfc-9c > .kt-inside-inner-col{column-gap:var(--global-kb-gap-sm, 1rem);}.kadence-column3625_5f4dfc-9c > .kt-inside-inner-col{flex-direction:column;}.kadence-column3625_5f4dfc-9c > .kt-inside-inner-col > .aligncenter{width:100%;}.kadence-column3625_5f4dfc-9c > .kt-inside-inner-col:before{opacity:0.3;}.kadence-column3625_5f4dfc-9c{position:relative;}.kadence-column3625_5f4dfc-9c, .kt-inside-inner-col > .kadence-column3625_5f4dfc-9c:not(.specificity){margin-right:60px;margin-bottom:0px;}@media all and (max-width: 1024px){.kadence-column3625_5f4dfc-9c > .kt-inside-inner-col{flex-direction:column;justify-content:center;}}@media all and (max-width: 1024px){.kadence-column3625_5f4dfc-9c, .kt-inside-inner-col > .kadence-column3625_5f4dfc-9c:not(.specificity){margin-top:0px;margin-right:0px;margin-bottom:0px;margin-left:0px;}}@media all and (max-width: 767px){.kadence-column3625_5f4dfc-9c > .kt-inside-inner-col{flex-direction:column;justify-content:center;}.kadence-column3625_5f4dfc-9c, .kt-inside-inner-col > .kadence-column3625_5f4dfc-9c:not(.specificity){margin-right:0px;margin-left:0px;}}<\/style>\n<div class=\"wp-block-kadence-column kadence-column3625_5f4dfc-9c inner-column-1\"><div class=\"kt-inside-inner-col\"><style>.wp-block-kadence-advancedheading.kt-adv-heading3625_4a8b82-e2, .wp-block-kadence-advancedheading.kt-adv-heading3625_4a8b82-e2[data-kb-block=\"kb-adv-heading3625_4a8b82-e2\"]{margin-top:50px;margin-bottom:50px;font-size:var(--global-kb-font-size-xxl, 4rem);line-height:1.3;font-style:normal;}.wp-block-kadence-advancedheading.kt-adv-heading3625_4a8b82-e2 mark.kt-highlight, .wp-block-kadence-advancedheading.kt-adv-heading3625_4a8b82-e2[data-kb-block=\"kb-adv-heading3625_4a8b82-e2\"] mark.kt-highlight{font-style:normal;color:#f76a0c;-webkit-box-decoration-break:clone;box-decoration-break:clone;padding-top:0px;padding-right:0px;padding-bottom:0px;padding-left:0px;}.wp-block-kadence-advancedheading.kt-adv-heading3625_4a8b82-e2 img.kb-inline-image, .wp-block-kadence-advancedheading.kt-adv-heading3625_4a8b82-e2[data-kb-block=\"kb-adv-heading3625_4a8b82-e2\"] img.kb-inline-image{width:150px;vertical-align:baseline;}@media all and (max-width: 1024px){.wp-block-kadence-advancedheading.kt-adv-heading3625_4a8b82-e2, .wp-block-kadence-advancedheading.kt-adv-heading3625_4a8b82-e2[data-kb-block=\"kb-adv-heading3625_4a8b82-e2\"]{font-size:var(--global-kb-font-size-xl, 3rem);text-align:center!important;}}@media all and (max-width: 767px){.wp-block-kadence-advancedheading.kt-adv-heading3625_4a8b82-e2, .wp-block-kadence-advancedheading.kt-adv-heading3625_4a8b82-e2[data-kb-block=\"kb-adv-heading3625_4a8b82-e2\"]{font-size:var(--global-kb-font-size-xl, 3rem);text-align:center!important;}}<\/style>\n<h1 class=\"kt-adv-heading3625_4a8b82-e2 wp-block-kadence-advancedheading\" data-kb-block=\"kb-adv-heading3625_4a8b82-e2\"><strong>UBO-Fabrik wird endg\u00fcltig stillgelegt  <\/strong><\/h1>\n\n\n<style>.kb-row-layout-wrap.wp-block-kadence-rowlayout.kb-row-layout-id3625_38510c-08{margin-bottom:50px;}.kb-row-layout-id3625_38510c-08 > .kt-row-column-wrap{align-content:start;}:where(.kb-row-layout-id3625_38510c-08 > .kt-row-column-wrap) > .wp-block-kadence-column{justify-content:start;}.kb-row-layout-id3625_38510c-08 > .kt-row-column-wrap{column-gap:var(--global-kb-gap-none, 0rem );row-gap:var(--global-kb-gap-none, 0rem );padding-top:0px;padding-right:0px;padding-bottom:0px;padding-left:0px;grid-template-columns:minmax(0, calc(14.8% - ((var(--global-kb-gap-none, 0rem ) * 1 )\/2)))minmax(0, calc(85.2% - ((var(--global-kb-gap-none, 0rem ) * 1 )\/2)));}.kb-row-layout-id3625_38510c-08 > .kt-row-layout-overlay{opacity:0.30;}@media all and (max-width: 1024px){.kb-row-layout-id3625_38510c-08 > .kt-row-column-wrap{grid-template-columns:minmax(0, 1fr);}}@media all and (max-width: 767px){.kb-row-layout-id3625_38510c-08 > .kt-row-column-wrap{grid-template-columns:minmax(0, 1fr);}}<\/style><div class=\"kb-row-layout-wrap kb-row-layout-id3625_38510c-08 alignnone wp-block-kadence-rowlayout\"><div class=\"kt-row-column-wrap kt-has-2-columns kt-row-layout-equal kt-tab-layout-row kt-mobile-layout-row kt-row-valign-top\">\n<style>.kadence-column3625_bd5a49-17 > .kt-inside-inner-col{padding-bottom:400px;}.kadence-column3625_bd5a49-17 > .kt-inside-inner-col{border-left:3px solid var(--global-palette1, #3182CE);}.kadence-column3625_bd5a49-17 > .kt-inside-inner-col,.kadence-column3625_bd5a49-17 > .kt-inside-inner-col:before{border-top-left-radius:0px;border-top-right-radius:0px;border-bottom-right-radius:0px;border-bottom-left-radius:0px;}.kadence-column3625_bd5a49-17 > .kt-inside-inner-col{column-gap:var(--global-kb-gap-sm, 1rem);}.kadence-column3625_bd5a49-17 > .kt-inside-inner-col{flex-direction:column;}.kadence-column3625_bd5a49-17 > .kt-inside-inner-col > .aligncenter{width:100%;}.kadence-column3625_bd5a49-17 > .kt-inside-inner-col:before{opacity:0.3;}.kadence-column3625_bd5a49-17{position:relative;}.kadence-column3625_bd5a49-17, .kt-inside-inner-col > .kadence-column3625_bd5a49-17:not(.specificity){margin-bottom:-400px;}@media all and (max-width: 1024px){.kadence-column3625_bd5a49-17 > .kt-inside-inner-col{border-left:3px solid var(--global-palette1, #3182CE);flex-direction:column;justify-content:center;}}@media all and (max-width: 767px){.kadence-column3625_bd5a49-17 > .kt-inside-inner-col{border-left:3px solid var(--global-palette1, #3182CE);flex-direction:column;justify-content:center;}}<\/style>\n<div class=\"wp-block-kadence-column kadence-column3625_bd5a49-17 kvs-md-false kvs-sm-false inner-column-1\"><div class=\"kt-inside-inner-col\"><\/div><\/div>\n\n\n<style>.kadence-column3625_8b053c-15 > .kt-inside-inner-col,.kadence-column3625_8b053c-15 > .kt-inside-inner-col:before{border-top-left-radius:0px;border-top-right-radius:0px;border-bottom-right-radius:0px;border-bottom-left-radius:0px;}.kadence-column3625_8b053c-15 > .kt-inside-inner-col{column-gap:var(--global-kb-gap-sm, 1rem);}.kadence-column3625_8b053c-15 > .kt-inside-inner-col{flex-direction:column;}.kadence-column3625_8b053c-15 > .kt-inside-inner-col > .aligncenter{width:100%;}.kadence-column3625_8b053c-15 > .kt-inside-inner-col:before{opacity:0.3;}.kadence-column3625_8b053c-15{position:relative;}@media all and (max-width: 1024px){.kadence-column3625_8b053c-15 > .kt-inside-inner-col{flex-direction:column;justify-content:center;}}@media all and (max-width: 767px){.kadence-column3625_8b053c-15 > .kt-inside-inner-col{flex-direction:column;justify-content:center;}}<\/style>\n<div class=\"wp-block-kadence-column kadence-column3625_8b053c-15 inner-column-2\"><div class=\"kt-inside-inner-col\"><style>.wp-block-kadence-advancedheading.kt-adv-heading3625_b6ab5f-d0, .wp-block-kadence-advancedheading.kt-adv-heading3625_b6ab5f-d0[data-kb-block=\"kb-adv-heading3625_b6ab5f-d0\"]{font-style:normal;}.wp-block-kadence-advancedheading.kt-adv-heading3625_b6ab5f-d0 mark.kt-highlight, .wp-block-kadence-advancedheading.kt-adv-heading3625_b6ab5f-d0[data-kb-block=\"kb-adv-heading3625_b6ab5f-d0\"] mark.kt-highlight{font-style:normal;color:#f76a0c;-webkit-box-decoration-break:clone;box-decoration-break:clone;padding-top:0px;padding-right:0px;padding-bottom:0px;padding-left:0px;}.wp-block-kadence-advancedheading.kt-adv-heading3625_b6ab5f-d0 img.kb-inline-image, .wp-block-kadence-advancedheading.kt-adv-heading3625_b6ab5f-d0[data-kb-block=\"kb-adv-heading3625_b6ab5f-d0\"] img.kb-inline-image{width:150px;vertical-align:baseline;}@media all and (max-width: 1024px){.wp-block-kadence-advancedheading.kt-adv-heading3625_b6ab5f-d0, .wp-block-kadence-advancedheading.kt-adv-heading3625_b6ab5f-d0[data-kb-block=\"kb-adv-heading3625_b6ab5f-d0\"]{text-align:center!important;}}@media all and (max-width: 767px){.wp-block-kadence-advancedheading.kt-adv-heading3625_b6ab5f-d0, .wp-block-kadence-advancedheading.kt-adv-heading3625_b6ab5f-d0[data-kb-block=\"kb-adv-heading3625_b6ab5f-d0\"]{text-align:center!important;}}<\/style>\n<p class=\"kt-adv-heading3625_b6ab5f-d0 wp-block-kadence-advancedheading\" data-kb-block=\"kb-adv-heading3625_b6ab5f-d0\"><strong>Ein Verm\u00e4chtnis von Innovation und Nachhaltigkeit.<\/strong><\/p>\n<\/div><\/div>\n\n<\/div><\/div><\/div><\/div>\n\n\n<style>.kadence-column3625_923a75-b3 > .kt-inside-inner-col,.kadence-column3625_923a75-b3 > .kt-inside-inner-col:before{border-top-left-radius:0px;border-top-right-radius:0px;border-bottom-right-radius:0px;border-bottom-left-radius:0px;}.kadence-column3625_923a75-b3 > .kt-inside-inner-col{column-gap:var(--global-kb-gap-sm, 1rem);}.kadence-column3625_923a75-b3 > .kt-inside-inner-col{flex-direction:column;}.kadence-column3625_923a75-b3 > .kt-inside-inner-col > .aligncenter{width:100%;}.kadence-column3625_923a75-b3 > .kt-inside-inner-col:before{opacity:0.3;}.kadence-column3625_923a75-b3{position:relative;}@media all and (max-width: 1024px){.kadence-column3625_923a75-b3 > .kt-inside-inner-col{flex-direction:column;justify-content:center;}}@media all and (max-width: 767px){.kadence-column3625_923a75-b3 > .kt-inside-inner-col{flex-direction:column;justify-content:center;}}<\/style>\n<div class=\"wp-block-kadence-column kadence-column3625_923a75-b3 kvs-md-false kvs-sm-false inner-column-2\"><div class=\"kt-inside-inner-col\"><\/div><\/div>\n\n<\/div><\/div><style>.wp-block-kadence-spacer.kt-block-spacer-3625_f69f39-5f .kt-block-spacer{height:60px;}.wp-block-kadence-spacer.kt-block-spacer-3625_f69f39-5f .kt-divider{border-top-width:1px;height:1px;border-top-color:#eee;width:80%;border-top-style:solid;}<\/style>\n<div class=\"wp-block-kadence-spacer aligncenter kt-block-spacer-3625_f69f39-5f\"><div class=\"kt-block-spacer kt-block-spacer-halign-center\"><hr class=\"kt-divider\"\/><\/div><\/div>\n<style>.kb-row-layout-id3625_8d2078-3e > .kt-row-column-wrap{align-content:start;}:where(.kb-row-layout-id3625_8d2078-3e > .kt-row-column-wrap) > .wp-block-kadence-column{justify-content:start;}.kb-row-layout-id3625_8d2078-3e > .kt-row-column-wrap{column-gap:var(--global-kb-gap-md, 2rem);row-gap:var(--global-kb-gap-md, 2rem);max-width:var( --global-content-width, 1290px );padding-left:var(--global-content-edge-padding);padding-right:var(--global-content-edge-padding);padding-top:0px;padding-right:20px;padding-bottom:80px;padding-left:20px;grid-template-columns:minmax(0, calc(41.6% - ((var(--global-kb-gap-md, 2rem) * 1 )\/2)))minmax(0, calc(58.4% - ((var(--global-kb-gap-md, 2rem) * 1 )\/2)));}.kb-row-layout-id3625_8d2078-3e > .kt-row-layout-overlay{opacity:0.30;}@media all and (max-width: 1024px){.kb-row-layout-id3625_8d2078-3e > .kt-row-column-wrap{padding-top:0px;padding-right:150px;padding-bottom:60px;padding-left:150px;grid-template-columns:minmax(0, 1fr);}}@media all and (max-width: 767px){.kb-row-layout-id3625_8d2078-3e > .kt-row-column-wrap{padding-top:40px;padding-right:30px;padding-bottom:40px;padding-left:30px;grid-template-columns:minmax(0, 1fr);}}<\/style><div class=\"kb-row-layout-wrap kb-row-layout-id3625_8d2078-3e alignfull has-theme-palette9-background-color kt-row-has-bg wp-block-kadence-rowlayout\"><div class=\"kt-row-column-wrap kt-has-2-columns kt-row-layout-equal kt-tab-layout-row kt-mobile-layout-row kt-row-valign-top kb-theme-content-width\">\n<style>.kadence-column3625_6ffc2e-c2 > .kt-inside-inner-col,.kadence-column3625_6ffc2e-c2 > .kt-inside-inner-col:before{border-top-left-radius:0px;border-top-right-radius:0px;border-bottom-right-radius:0px;border-bottom-left-radius:0px;}.kadence-column3625_6ffc2e-c2 > .kt-inside-inner-col{column-gap:var(--global-kb-gap-sm, 1rem);}.kadence-column3625_6ffc2e-c2 > .kt-inside-inner-col{flex-direction:column;}.kadence-column3625_6ffc2e-c2 > .kt-inside-inner-col > .aligncenter{width:100%;}.kadence-column3625_6ffc2e-c2 > .kt-inside-inner-col:before{opacity:0.3;}.kadence-column3625_6ffc2e-c2{position:relative;}@media all and (max-width: 1024px){.kadence-column3625_6ffc2e-c2 > .kt-inside-inner-col{flex-direction:column;justify-content:center;}}@media all and (max-width: 767px){.kadence-column3625_6ffc2e-c2 > .kt-inside-inner-col{flex-direction:column;justify-content:center;}}<\/style>\n<div class=\"wp-block-kadence-column kadence-column3625_6ffc2e-c2 inner-column-1\"><div class=\"kt-inside-inner-col\"><style>.wp-block-kadence-image.kb-image3625_2032fa-8e:not(.kb-specificity-added):not(.kb-extra-specificity-added){margin-top:-150px;margin-left:100px;}.kb-image3625_2032fa-8e .kb-image-has-overlay:after{opacity:0.3;}@media all and (max-width: 1024px){.wp-block-kadence-image.kb-image3625_2032fa-8e:not(.kb-specificity-added):not(.kb-extra-specificity-added){margin-top:-80px;margin-right:0px;margin-bottom:0px;margin-left:0px;}}@media all and (max-width: 767px){.wp-block-kadence-image.kb-image3625_2032fa-8e:not(.kb-specificity-added):not(.kb-extra-specificity-added){margin-top:0px;margin-right:0px;margin-bottom:0px;margin-left:0px;}}<\/style>\n<figure class=\"wp-block-kadence-image kb-image3625_2032fa-8e kb-image-is-ratio-size\"><div class=\"kb-is-ratio-image kb-image-ratio-port34\"><img loading=\"lazy\" decoding=\"async\" width=\"2560\" height=\"1707\" src=\"https:\/\/bandenplan.nl\/wp-content\/uploads\/2025\/03\/2022-04-14-Banden-Plan-Europa-3050-scaled.jpg\" alt=\"\" class=\"kb-img wp-image-3670\" srcset=\"https:\/\/bandenplan.nl\/wp-content\/uploads\/2025\/03\/2022-04-14-Banden-Plan-Europa-3050-scaled.jpg 2560w, https:\/\/bandenplan.nl\/wp-content\/uploads\/2025\/03\/2022-04-14-Banden-Plan-Europa-3050-300x200.jpg 300w, https:\/\/bandenplan.nl\/wp-content\/uploads\/2025\/03\/2022-04-14-Banden-Plan-Europa-3050-1024x683.jpg 1024w, https:\/\/bandenplan.nl\/wp-content\/uploads\/2025\/03\/2022-04-14-Banden-Plan-Europa-3050-768x512.jpg 768w, https:\/\/bandenplan.nl\/wp-content\/uploads\/2025\/03\/2022-04-14-Banden-Plan-Europa-3050-1536x1024.jpg 1536w, https:\/\/bandenplan.nl\/wp-content\/uploads\/2025\/03\/2022-04-14-Banden-Plan-Europa-3050-2048x1365.jpg 2048w\" sizes=\"auto, (max-width: 2560px) 100vw, 2560px\" \/><\/div><\/figure>\n<\/div><\/div>\n\n\n<style>.kadence-column3625_577b82-a3 > .kt-inside-inner-col,.kadence-column3625_577b82-a3 > .kt-inside-inner-col:before{border-top-left-radius:0px;border-top-right-radius:0px;border-bottom-right-radius:0px;border-bottom-left-radius:0px;}.kadence-column3625_577b82-a3 > .kt-inside-inner-col{column-gap:var(--global-kb-gap-sm, 1rem);}.kadence-column3625_577b82-a3 > .kt-inside-inner-col{flex-direction:column;}.kadence-column3625_577b82-a3 > .kt-inside-inner-col > .aligncenter{width:100%;}.kadence-column3625_577b82-a3 > .kt-inside-inner-col:before{opacity:0.3;}.kadence-column3625_577b82-a3{position:relative;}.kadence-column3625_577b82-a3, .kt-inside-inner-col > .kadence-column3625_577b82-a3:not(.specificity){margin-top:50px;margin-left:100px;}@media all and (max-width: 1024px){.kadence-column3625_577b82-a3 > .kt-inside-inner-col{flex-direction:column;justify-content:center;}}@media all and (max-width: 1024px){.kadence-column3625_577b82-a3, .kt-inside-inner-col > .kadence-column3625_577b82-a3:not(.specificity){margin-top:0px;margin-right:0px;margin-bottom:0px;margin-left:0px;}}@media all and (max-width: 767px){.kadence-column3625_577b82-a3 > .kt-inside-inner-col{flex-direction:column;justify-content:center;}.kadence-column3625_577b82-a3, .kt-inside-inner-col > .kadence-column3625_577b82-a3:not(.specificity){margin-top:0px;margin-right:0px;margin-left:0px;}}<\/style>\n<div class=\"wp-block-kadence-column kadence-column3625_577b82-a3 inner-column-2\"><div class=\"kt-inside-inner-col\"><style>.wp-block-kadence-advancedheading.kt-adv-heading3625_fb6b23-2a, .wp-block-kadence-advancedheading.kt-adv-heading3625_fb6b23-2a[data-kb-block=\"kb-adv-heading3625_fb6b23-2a\"]{font-style:normal;}.wp-block-kadence-advancedheading.kt-adv-heading3625_fb6b23-2a mark.kt-highlight, .wp-block-kadence-advancedheading.kt-adv-heading3625_fb6b23-2a[data-kb-block=\"kb-adv-heading3625_fb6b23-2a\"] mark.kt-highlight{font-style:normal;color:#f76a0c;-webkit-box-decoration-break:clone;box-decoration-break:clone;padding-top:0px;padding-right:0px;padding-bottom:0px;padding-left:0px;}.wp-block-kadence-advancedheading.kt-adv-heading3625_fb6b23-2a img.kb-inline-image, .wp-block-kadence-advancedheading.kt-adv-heading3625_fb6b23-2a[data-kb-block=\"kb-adv-heading3625_fb6b23-2a\"] img.kb-inline-image{width:150px;vertical-align:baseline;}@media all and (max-width: 1024px){.wp-block-kadence-advancedheading.kt-adv-heading3625_fb6b23-2a, .wp-block-kadence-advancedheading.kt-adv-heading3625_fb6b23-2a[data-kb-block=\"kb-adv-heading3625_fb6b23-2a\"]{text-align:center!important;}}@media all and (max-width: 767px){.wp-block-kadence-advancedheading.kt-adv-heading3625_fb6b23-2a, .wp-block-kadence-advancedheading.kt-adv-heading3625_fb6b23-2a[data-kb-block=\"kb-adv-heading3625_fb6b23-2a\"]{font-size:var(--global-kb-font-size-lg, 2rem);text-align:center!important;}}<\/style>\n<h2 class=\"kt-adv-heading3625_fb6b23-2a wp-block-kadence-advancedheading\" data-kb-block=\"kb-adv-heading3625_fb6b23-2a\"><strong>Das Ende einer \u00c4ra<\/strong>.<\/h2>\n\n\n<style>.wp-block-kadence-advancedheading.kt-adv-heading3625_87adad-7a, .wp-block-kadence-advancedheading.kt-adv-heading3625_87adad-7a[data-kb-block=\"kb-adv-heading3625_87adad-7a\"]{font-style:normal;}.wp-block-kadence-advancedheading.kt-adv-heading3625_87adad-7a mark.kt-highlight, .wp-block-kadence-advancedheading.kt-adv-heading3625_87adad-7a[data-kb-block=\"kb-adv-heading3625_87adad-7a\"] mark.kt-highlight{font-style:normal;color:#f76a0c;-webkit-box-decoration-break:clone;box-decoration-break:clone;padding-top:0px;padding-right:0px;padding-bottom:0px;padding-left:0px;}.wp-block-kadence-advancedheading.kt-adv-heading3625_87adad-7a img.kb-inline-image, .wp-block-kadence-advancedheading.kt-adv-heading3625_87adad-7a[data-kb-block=\"kb-adv-heading3625_87adad-7a\"] img.kb-inline-image{width:150px;vertical-align:baseline;}@media all and (max-width: 1024px){.wp-block-kadence-advancedheading.kt-adv-heading3625_87adad-7a, .wp-block-kadence-advancedheading.kt-adv-heading3625_87adad-7a[data-kb-block=\"kb-adv-heading3625_87adad-7a\"]{text-align:center!important;}}@media all and (max-width: 767px){.wp-block-kadence-advancedheading.kt-adv-heading3625_87adad-7a, .wp-block-kadence-advancedheading.kt-adv-heading3625_87adad-7a[data-kb-block=\"kb-adv-heading3625_87adad-7a\"]{text-align:center!important;}}<\/style>\n<p class=\"kt-adv-heading3625_87adad-7a wp-block-kadence-advancedheading\" data-kb-block=\"kb-adv-heading3625_87adad-7a\">Am 31. Dezember 2024 haben wir unser Werk f\u00fcr die Runderneuerung von Reifen, UBO, fast 88 Jahre nach seiner Gr\u00fcndung endg\u00fcltig geschlossen. Grund f\u00fcr die Schlie\u00dfung waren die hohen Energiekosten, die Schwierigkeiten, technisches Personal zu finden, und das Dumping billiger Lkw-Reifen aus Fernost, das den lokalen Markt st\u00f6rte. <\/p>\n\n\n\n<p><br\/>Dennoch bleibt das Erbe der UBO-Fabrik (Utrecht Tire Company) eine Quelle der Inspiration f\u00fcr die Reifenindustrie. Die Innovationen in Sachen Nachhaltigkeit und Technologie, die einst in der Fabrik umgesetzt wurden, leisten weiterhin einen positiven Beitrag f\u00fcr die Branche. Der Fokus auf die Wiederverwendung und das Recycling von Reifen sowie die st\u00e4ndige Suche nach nachhaltigen L\u00f6sungen werden auch weiterhin inspirierend wirken.  <\/p>\n\n\n<style>.wp-block-kadence-advancedbtn.kb-btns3625_0d262b-ef{gap:var(--global-kb-gap-xs, 0.5rem );justify-content:flex-start;align-items:center;}.kt-btns3625_0d262b-ef .kt-button{font-weight:normal;font-style:normal;}@media all and (max-width: 1024px){.wp-block-kadence-advancedbtn.kb-btns3625_0d262b-ef{justify-content:center;}}@media all and (max-width: 767px){.wp-block-kadence-advancedbtn.kb-btns3625_0d262b-ef{justify-content:center;}}<\/style>\n<div class=\"wp-block-kadence-advancedbtn kb-buttons-wrap kb-btns3625_0d262b-ef\"><style>ul.menu .wp-block-kadence-advancedbtn .kb-btn3625_8b0d99-68.kb-button{width:initial;}<\/style><a class=\"kb-button kt-button button kb-btn3625_8b0d99-68 kt-btn-size-standard kt-btn-width-type-auto kb-btn-global-inherit  kt-btn-has-text-true kt-btn-has-svg-false  wp-block-button__link wp-block-kadence-singlebtn\" href=\"http:\/\/www.bandenplan.nl\"><span class=\"kt-btn-inner-text\">Zur\u00fcckgehen<\/span><\/a><\/div>\n<\/div><\/div>\n\n<\/div><\/div>","protected":false},"excerpt":{"rendered":"<p>UBO-Fabrik wird endg\u00fcltig stillgelegt Ein Verm\u00e4chtnis von Innovation und Nachhaltigkeit. Das Ende einer \u00c4ra. Am 31. Dezember 2024 haben wir unser Werk f\u00fcr die Runderneuerung von Reifen, UBO, fast 88 Jahre nach seiner Gr\u00fcndung endg\u00fcltig geschlossen. Grund f\u00fcr die Schlie\u00dfung waren die hohen Energiekosten, die Schwierigkeiten, technisches Personal zu finden, und das Dumping billiger Lkw-Reifen&#8230;<\/p>\n","protected":false},"author":1,"featured_media":0,"parent":0,"menu_order":0,"comment_status":"closed","ping_status":"closed","template":"","meta":{"_kad_blocks_custom_css":"","_kad_blocks_head_custom_js":"","_kad_blocks_body_custom_js":"","_kad_blocks_footer_custom_js":"","_kadence_starter_templates_imported_post":false,"_kad_post_transparent":"","_kad_post_title":"","_kad_post_layout":"","_kad_post_sidebar_id":"","_kad_post_content_style":"","_kad_post_vertical_padding":"","_kad_post_feature":"","_kad_post_feature_position":"","_kad_post_header":false,"_kad_post_footer":false,"_kad_post_classname":"","footnotes":""},"class_list":["post-3650","page","type-page","status-publish","hentry"],"taxonomy_info":[],"featured_image_src_large":false,"author_info":{"display_name":"Banden Plan Europa","author_link":"https:\/\/bandenplan.nl\/de\/author\/kargrojohannesvanurk-com\/"},"comment_info":0,"_links":{"self":[{"href":"https:\/\/bandenplan.nl\/de\/wp-json\/wp\/v2\/pages\/3650","targetHints":{"allow":["GET"]}}],"collection":[{"href":"https:\/\/bandenplan.nl\/de\/wp-json\/wp\/v2\/pages"}],"about":[{"href":"https:\/\/bandenplan.nl\/de\/wp-json\/wp\/v2\/types\/page"}],"author":[{"embeddable":true,"href":"https:\/\/bandenplan.nl\/de\/wp-json\/wp\/v2\/users\/1"}],"replies":[{"embeddable":true,"href":"https:\/\/bandenplan.nl\/de\/wp-json\/wp\/v2\/comments?post=3650"}],"version-history":[{"count":3,"href":"https:\/\/bandenplan.nl\/de\/wp-json\/wp\/v2\/pages\/3650\/revisions"}],"predecessor-version":[{"id":3683,"href":"https:\/\/bandenplan.nl\/de\/wp-json\/wp\/v2\/pages\/3650\/revisions\/3683"}],"wp:attachment":[{"href":"https:\/\/bandenplan.nl\/de\/wp-json\/wp\/v2\/media?parent=3650"}],"curies":[{"name":"wp","href":"https:\/\/api.w.org\/{rel}","templated":true}]}}