{"id":3264,"date":"2024-10-11T19:35:45","date_gmt":"2024-10-11T19:35:45","guid":{"rendered":"https:\/\/bandenplan.nl\/politique-de-confidentialite\/"},"modified":"2024-11-07T13:36:35","modified_gmt":"2024-11-07T13:36:35","slug":"politique-de-confidentialite","status":"publish","type":"page","link":"https:\/\/bandenplan.nl\/fr\/politique-de-confidentialite\/","title":{"rendered":"Politique de confidentialit\u00e9"},"content":{"rendered":"<style>.kb-row-layout-id3_4c2c7e-ac > .kt-row-column-wrap{align-content:center;}:where(.kb-row-layout-id3_4c2c7e-ac > .kt-row-column-wrap) > .wp-block-kadence-column{justify-content:center;}.kb-row-layout-id3_4c2c7e-ac > .kt-row-column-wrap{column-gap:var(--global-kb-gap-md, 2rem);row-gap:var(--global-kb-gap-md, 2rem);max-width:var( --global-content-width, 1290px );padding-left:var(--global-content-edge-padding);padding-right:var(--global-content-edge-padding);padding-top:var(--global-kb-spacing-4xl, 8rem);padding-right:var(--global-kb-spacing-sm, 1.5rem);padding-bottom:var(--global-kb-spacing-xl, 4rem);padding-left:var(--global-kb-spacing-sm, 1.5rem);min-height:400px;grid-template-columns:minmax(0, calc(50% - ((var(--global-kb-gap-md, 2rem) * 1 )\/2)))minmax(0, calc(50% - ((var(--global-kb-gap-md, 2rem) * 1 )\/2)));}.kb-row-layout-id3_4c2c7e-ac{background-image:url('https:\/\/bandenplan.nl\/wp-content\/uploads\/2024\/11\/media-background-scaled.webp');background-size:cover;background-position:center center;background-attachment:scroll;background-repeat:no-repeat;}.kb-row-layout-id3_4c2c7e-ac > .kt-row-layout-overlay{opacity:0.60;background-color:#05162a;}@media all and (max-width: 1024px){.kb-row-layout-id3_4c2c7e-ac > .kt-row-column-wrap{grid-template-columns:minmax(0, 1fr);}}@media all and (max-width: 767px){.kb-row-layout-id3_4c2c7e-ac > .kt-row-column-wrap{grid-template-columns:minmax(0, 1fr);}}<\/style><div class=\"kb-row-layout-wrap kb-row-layout-id3_4c2c7e-ac alignfull kt-row-has-bg wp-block-kadence-rowlayout\"><div class=\"kt-row-layout-overlay kt-row-overlay-normal\"><\/div><div class=\"kt-row-column-wrap kt-has-2-columns kt-row-layout-equal kt-tab-layout-row kt-mobile-layout-row kt-row-valign-middle kb-theme-content-width\">\n<style>.kadence-column3_7a0a4c-2a > .kt-inside-inner-col{padding-top:var(--global-kb-spacing-lg, 3rem);}.kadence-column3_7a0a4c-2a > .kt-inside-inner-col,.kadence-column3_7a0a4c-2a > .kt-inside-inner-col:before{border-top-left-radius:0px;border-top-right-radius:0px;border-bottom-right-radius:0px;border-bottom-left-radius:0px;}.kadence-column3_7a0a4c-2a > .kt-inside-inner-col{column-gap:var(--global-kb-gap-sm, 1rem);}.kadence-column3_7a0a4c-2a > .kt-inside-inner-col{flex-direction:column;}.kadence-column3_7a0a4c-2a > .kt-inside-inner-col > .aligncenter{width:100%;}.kadence-column3_7a0a4c-2a > .kt-inside-inner-col:before{opacity:0.3;}.kadence-column3_7a0a4c-2a{position:relative;}@media all and (max-width: 1024px){.kadence-column3_7a0a4c-2a{text-align:center;}}@media all and (max-width: 1024px){.kadence-column3_7a0a4c-2a > .kt-inside-inner-col{flex-direction:column;justify-content:center;}}@media all and (max-width: 767px){.kadence-column3_7a0a4c-2a > .kt-inside-inner-col{flex-direction:column;justify-content:center;}}<\/style>\n<div class=\"wp-block-kadence-column kadence-column3_7a0a4c-2a kb-section-dir-vertical inner-column-1\"><div class=\"kt-inside-inner-col\"><style>.wp-block-kadence-advancedheading.kt-adv-heading3_a0c4b6-d8, .wp-block-kadence-advancedheading.kt-adv-heading3_a0c4b6-d8[data-kb-block=\"kb-adv-heading3_a0c4b6-d8\"]{margin-top:0px;margin-bottom:var(--global-kb-spacing-xxs, 0.5rem);font-size:var(--global-kb-font-size-xl, 3rem);line-height:1.2;font-style:normal;}.wp-block-kadence-advancedheading.kt-adv-heading3_a0c4b6-d8 mark.kt-highlight, .wp-block-kadence-advancedheading.kt-adv-heading3_a0c4b6-d8[data-kb-block=\"kb-adv-heading3_a0c4b6-d8\"] mark.kt-highlight{font-style:normal;color:#f76a0c;-webkit-box-decoration-break:clone;box-decoration-break:clone;padding-top:0px;padding-right:0px;padding-bottom:0px;padding-left:0px;}.wp-block-kadence-advancedheading.kt-adv-heading3_a0c4b6-d8 img.kb-inline-image, .wp-block-kadence-advancedheading.kt-adv-heading3_a0c4b6-d8[data-kb-block=\"kb-adv-heading3_a0c4b6-d8\"] img.kb-inline-image{width:150px;vertical-align:baseline;}@media all and (max-width: 1024px){.wp-block-kadence-advancedheading.kt-adv-heading3_a0c4b6-d8, .wp-block-kadence-advancedheading.kt-adv-heading3_a0c4b6-d8[data-kb-block=\"kb-adv-heading3_a0c4b6-d8\"]{text-align:center!important;}}<\/style>\n<h1 class=\"kt-adv-heading3_a0c4b6-d8 wp-block-kadence-advancedheading has-theme-palette-9-color has-text-color\" data-kb-block=\"kb-adv-heading3_a0c4b6-d8\">Politique de confidentialit\u00e9<\/h1>\n<\/div><\/div>\n\n\n<style>.kadence-column3_ff23ee-21 > .kt-inside-inner-col,.kadence-column3_ff23ee-21 > .kt-inside-inner-col:before{border-top-left-radius:0px;border-top-right-radius:0px;border-bottom-right-radius:0px;border-bottom-left-radius:0px;}.kadence-column3_ff23ee-21 > .kt-inside-inner-col{column-gap:var(--global-kb-gap-sm, 1rem);}.kadence-column3_ff23ee-21 > .kt-inside-inner-col{flex-direction:column;}.kadence-column3_ff23ee-21 > .kt-inside-inner-col > .aligncenter{width:100%;}.kadence-column3_ff23ee-21 > .kt-inside-inner-col:before{opacity:0.3;}.kadence-column3_ff23ee-21{position:relative;}@media all and (max-width: 1024px){.kadence-column3_ff23ee-21 > .kt-inside-inner-col{flex-direction:column;justify-content:center;}}@media all and (max-width: 767px){.kadence-column3_ff23ee-21 > .kt-inside-inner-col{flex-direction:column;justify-content:center;}}<\/style>\n<div class=\"wp-block-kadence-column kadence-column3_ff23ee-21 kvs-md-false kvs-sm-false inner-column-2\"><div class=\"kt-inside-inner-col\"><\/div><\/div>\n\n<\/div><\/div><style>.kb-row-layout-id3_589662-ab > .kt-row-column-wrap{align-content:start;}:where(.kb-row-layout-id3_589662-ab > .kt-row-column-wrap) > .wp-block-kadence-column{justify-content:start;}.kb-row-layout-id3_589662-ab > .kt-row-column-wrap{column-gap:var(--global-kb-gap-md, 2rem);row-gap:var(--global-kb-gap-md, 2rem);max-width:var( --global-content-width, 1290px );padding-left:var(--global-content-edge-padding);padding-right:var(--global-content-edge-padding);padding-top:var(--global-kb-spacing-xl, 4rem);padding-bottom:var(--global-kb-spacing-sm, 1.5rem);grid-template-columns:minmax(0, 1fr);}.kb-row-layout-id3_589662-ab > .kt-row-layout-overlay{opacity:0.30;}@media all and (max-width: 1024px){.kb-row-layout-id3_589662-ab > .kt-row-column-wrap{grid-template-columns:minmax(0, 1fr);}}@media all and (max-width: 767px){.kb-row-layout-id3_589662-ab > .kt-row-column-wrap{grid-template-columns:minmax(0, 1fr);}}<\/style><div class=\"kb-row-layout-wrap kb-row-layout-id3_589662-ab alignnone wp-block-kadence-rowlayout\"><div class=\"kt-row-column-wrap kt-has-1-columns kt-row-layout-equal kt-tab-layout-inherit kt-mobile-layout-row kt-row-valign-top kb-theme-content-width\">\n<style>.kadence-column3_820d6c-4d > .kt-inside-inner-col,.kadence-column3_820d6c-4d > .kt-inside-inner-col:before{border-top-left-radius:0px;border-top-right-radius:0px;border-bottom-right-radius:0px;border-bottom-left-radius:0px;}.kadence-column3_820d6c-4d > .kt-inside-inner-col{column-gap:var(--global-kb-gap-sm, 1rem);}.kadence-column3_820d6c-4d > .kt-inside-inner-col{flex-direction:column;}.kadence-column3_820d6c-4d > .kt-inside-inner-col > .aligncenter{width:100%;}.kadence-column3_820d6c-4d > .kt-inside-inner-col:before{opacity:0.3;}.kadence-column3_820d6c-4d{position:relative;}@media all and (max-width: 1024px){.kadence-column3_820d6c-4d > .kt-inside-inner-col{flex-direction:column;justify-content:center;}}@media all and (max-width: 767px){.kadence-column3_820d6c-4d > .kt-inside-inner-col{flex-direction:column;justify-content:center;}}<\/style>\n<div class=\"wp-block-kadence-column kadence-column3_820d6c-4d\"><div class=\"kt-inside-inner-col\">\n<p>D\u00e9claration de confidentialit\u00e9 Banden Plan Europa B.V.<br\/>Derni\u00e8re \u00e9dition : 5 mai 2022<\/p>\n\n\n\n<p><br\/>Cette politique peut \u00eatre mise \u00e0 jour ; veillez \u00e0 consulter r\u00e9guli\u00e8rement cette page.<br\/>Bienvenue sur www.bandenplan.nl, un site web qui vous est propos\u00e9 par Banden Plan Europa<br\/>(\u00ab\u00a0Banden Plan Europa\u00a0\u00bb, \u00ab\u00a0Nous\u00a0\u00bb ou \u00ab\u00a0Notre\u00a0\u00bb).<\/p>\n\n\n\n<p>Afin de vous permettre de contr\u00f4ler vos donn\u00e9es personnelles, nous avons cr\u00e9\u00e9 cette politique de confidentialit\u00e9 facile \u00e0 lire<br\/>(\u00ab\u00a0Politique\u00a0\u00bb), destin\u00e9e \u00e0 vous informer sur le traitement des donn\u00e9es personnelles<br\/>via www.bandenplan.nl (\u00ab\u00a0Site Web\u00a0\u00bb) et sur le traitement de ces donn\u00e9es par nos soins. La collecte et le traitement<br\/>des donn\u00e9es \u00e0 caract\u00e8re personnel par le biais de ce site Web sont effectu\u00e9s conform\u00e9ment aux lois europ\u00e9ennes sur la protection des donn\u00e9es<br\/>. <\/p>\n\n\n\n<ol class=\"wp-block-list\">\n<li>Qui sommes-nous ?<br\/>Banden Plan Europa a pour mission de fournir une s\u00e9rie de produits et de services li\u00e9s aux pneus<br\/>aux propri\u00e9taires de flottes, aux sp\u00e9cialistes des pneus et aux propri\u00e9taires de voitures individuelles. Au c\u0153ur de cette mission se trouve notre engagement<br\/>\u00e0 respecter les principes du GDPR. Nous accordons de l&rsquo;importance \u00e0 vos donn\u00e9es et nous nous engageons<br\/>\u00e0 \u00eatre transparents sur les donn\u00e9es que nous collectons aupr\u00e8s de vous.  <\/li>\n<\/ol>\n\n\n\n<p>Banden Plan Europa B.V.<br\/>Heeswijk 135<br\/>3417 GP Montfoort<br\/>Pays-Bas<br\/>+31 (0)348 47 20 90<br\/>info@bandenplan.nl<\/p>\n\n\n\n<ol start=\"2\" class=\"wp-block-list\">\n<li>Quelles sont les informations que nous recueillons et pourquoi ?<br\/>Dans l&rsquo;ensemble, notre site web est l\u00e9ger et vous n&rsquo;avez pas besoin de vous enregistrer pour utiliser notre site web<br\/>. Si vous \u00eates d\u00e9j\u00e0 client, vous avez la possibilit\u00e9 d&rsquo;acc\u00e9der \u00e0 notre plateforme, pour laquelle un compte est n\u00e9cessaire. Si vous \u00eates d\u00e9j\u00e0 client, vous avez la possibilit\u00e9 d&rsquo;acc\u00e9der \u00e0 notre plateforme, pour laquelle<br\/>vous devez disposer d&rsquo;un compte.<br\/>N\u00e9anmoins, Banden Plan Europa traite certaines donn\u00e9es personnelles pour faire fonctionner le site web<br\/>et pour vous offrir les services du site web (expliqu\u00e9s plus en d\u00e9tail dans nos conditions d&rsquo;utilisation). <\/li>\n<\/ol>\n\n\n\n<p>Les donn\u00e9es \u00e0 caract\u00e8re personnel que nous traitons et leur finalit\u00e9\/utilisation sont les suivantes :<br\/>2.1 Bulletins d&rsquo;information<br\/>Nous avons besoin de vos donn\u00e9es \u00e0 caract\u00e8re personnel pour vous envoyer nos bulletins d&rsquo;information, sur la base de votre d\u00e9cision de vous y abonner<br\/>. Vous avez toujours la possibilit\u00e9 de vous d\u00e9sabonner et de ne plus recevoir ces messages<br\/>de notre part. Donn\u00e9es n\u00e9cessaires :  <\/p>\n\n\n\n<ul class=\"wp-block-list\">\n<li>Votre nom<\/li>\n\n\n\n<li>Nom de l&rsquo;organisation<\/li>\n\n\n\n<li>Adresse \u00e9lectronique<\/li>\n\n\n\n<li>Num\u00e9ro de t\u00e9l\u00e9phone<\/li>\n\n\n\n<li>Adresse IP<\/li>\n\n\n\n<li>Langue<\/li>\n\n\n\n<li>Pays<br\/>2.2 Ressources<br\/>Nous utilisons vos donn\u00e9es personnelles pour vous envoyer par e-mail la ressource qui vous int\u00e9resse.<br\/>Compte tenu de l&rsquo;int\u00e9r\u00eat que vous nous portez, nous traitons vos donn\u00e9es personnelles pour vous proposer<br\/>un webinaire gratuit. Donn\u00e9es n\u00e9cessaires : <\/li>\n\n\n\n<li>Votre nom<\/li>\n\n\n\n<li>Nom de l&rsquo;organisation<\/li>\n\n\n\n<li>Num\u00e9ros de t\u00e9l\u00e9phone<br\/>2.3 Formulaires de contact<br\/>Nous utilisons vos donn\u00e9es \u00e0 caract\u00e8re personnel pour faciliter les demandes de chat en direct et vous fournir une assistance<br\/>par le biais de notre widget de chat sur le site web. Donn\u00e9es n\u00e9cessaires : <\/li>\n\n\n\n<li>Votre nom<\/li>\n\n\n\n<li>Nom de l&rsquo;organisation<\/li>\n\n\n\n<li>Num\u00e9ros de t\u00e9l\u00e9phone<br\/>Les autres raisons pour lesquelles nous pouvons traiter vos donn\u00e9es personnelles sont les suivantes :<\/li>\n<\/ul>\n\n\n\n<ol class=\"wp-block-list\">\n<li>Assurer le suivi des demandes juridiques concernant les rapports d&rsquo;abus et les rapports NTD ;<\/li>\n\n\n\n<li>Dans la mesure o\u00f9 cela est n\u00e9cessaire, pour d\u00e9fendre Banden Plan Europa dans le cadre d&rsquo;une proc\u00e9dure judiciaire en<br\/>relation avec, ou r\u00e9sultant de votre utilisation de Banden Plan Europa, \u00e0 la suite d&rsquo;une d\u00e9cision de justice,<br\/>pour se conformer \u00e0 toute loi, r\u00e9glementation ou demande gouvernementale, pour coop\u00e9rer avec les forces de l&rsquo;ordre<br\/>, pour sauvegarder la s\u00e9curit\u00e9 nationale, la d\u00e9fense, la s\u00e9curit\u00e9 publique, la sant\u00e9 publique,<br\/>et pour faire respecter nos conditions g\u00e9n\u00e9rales d&rsquo;utilisation ;<br\/>Afin d&rsquo;am\u00e9liorer votre exp\u00e9rience d&rsquo;utilisateur et de mesurer l&rsquo;efficacit\u00e9 de notre site web<br\/>et des services du site web, nous utilisons des cookies, qui collectent \u00e9galement des informations personnelles vous concernant<br\/>. Vous pouvez en savoir plus \u00e0 ce sujet dans la section sur les cookies ci-dessous. <\/li>\n\n\n\n<li>Quelle est notre base juridique pour le traitement de vos donn\u00e9es personnelles ?<br\/>3.1 Chat en direct, prise de rendez-vous, ressources et formulaires de contact :<br\/>Ces activit\u00e9s de traitement sont n\u00e9cessaires \u00e0 l&rsquo;ex\u00e9cution d&rsquo;un contrat qui, dans le cas pr\u00e9sent<br\/>, est constitu\u00e9 des services Web que nous offrons par l&rsquo;interm\u00e9diaire de notre site Web et des conditions d&rsquo;utilisation<br\/>qui les accompagnent.<br\/>3.2 Bulletins d&rsquo;information<br\/>Nous ne vous contactons qu&rsquo;une fois que vous nous avez donn\u00e9 votre accord pour vous envoyer des bulletins d&rsquo;information<br\/>en vous inscrivant sur notre site web.<br\/>Si vous \u00eates notre client\/partenaire actuel, nous traitons vos donn\u00e9es \u00e0 caract\u00e8re personnel pour vous envoyer<br\/>des bulletins d&rsquo;information dans le cadre de notre contrat avec vous, la base juridique dans ce cas \u00e9tant<br\/>l&rsquo;ex\u00e9cution du contrat.<br\/>3.3 Ressources<br\/>Ce traitement est effectu\u00e9 dans notre int\u00e9r\u00eat l\u00e9gitime, qui est en l&rsquo;occurrence de vous offrir un aper\u00e7u plus d\u00e9taill\u00e9<br\/>de Banden Plan Europa, compte tenu de l&rsquo;int\u00e9r\u00eat manifeste que vous avez manifest\u00e9 \u00e0 notre \u00e9gard en vous engageant sur notre site web<br\/>. Afin de limiter les effets sur vos droits fondamentaux, nous limitons ce traitement \u00e0 une seule<br\/>fois.<br\/>3.4 Demandes juridiques \/ rapports NTD \/ d\u00e9fense dans le cadre d&rsquo;une proc\u00e9dure judiciaire<br\/>Pour nous conformer \u00e0 notre obligation l\u00e9gale. En cas de violation, d&rsquo;activit\u00e9 ill\u00e9gale pr\u00e9sum\u00e9e ou<br\/>lorsque nous devons faire respecter nos conditions, nous devons pouvoir rechercher ou partager (certaines) de vos donn\u00e9es personnelles<br\/>.<br\/>3.5 Cookies<br\/>Veuillez consulter la section relative aux cookies ci-dessous.  <\/li>\n\n\n\n<li><br\/>Quels sont les cookies que nous utilisons ?<br\/>Comme de nombreux services, nous utilisons des cookies, des pixels et d&rsquo;autres technologies similaires pour m\u00e9moriser des informations sur vous afin de vous offrir une exp\u00e9rience meilleure et plus efficace. Cela nous aide<br\/>\u00e0 comprendre comment vous utilisez nos services afin que nous puissions les am\u00e9liorer. Les cookies sont<br\/>de petits fichiers de donn\u00e9es stock\u00e9s sur votre navigateur ou votre appareil lorsque vous acc\u00e9dez \u00e0 notre site web. Les pixels sont<br\/>de petites images sur une page web ou dans un e-mail. Le tableau ci-dessous explique la technologie que nous<br\/>utilisons et pourquoi.<br\/>4.1 Strictement n\u00e9cessaire<br\/>Objectif : nous utilisons ces cookies pour nous assurer que nous pouvons vous offrir notre site web. Ces cookies<br\/>sont utilis\u00e9s chaque fois que vous acc\u00e9dez \u00e0 notre site web. Ils sont sp\u00e9cifiquement n\u00e9cessaires pour :      <\/li>\n<\/ol>\n\n\n\n<ul class=\"wp-block-list\">\n<li>Permettre des fonctions de base telles que la navigation sur les pages et l&rsquo;acc\u00e8s aux zones s\u00e9curis\u00e9es du site web<br\/>;<\/li>\n\n\n\n<li>Utiliser les informations de votre navigateur afin de fournir un site web optimal pour les param\u00e8tres de votre \u00e9cran<br\/>;<\/li>\n\n\n\n<li>Identifier le trafic web de confiance.<br\/>Base juridique : Ces cookies sont n\u00e9cessaires \u00e0 l&rsquo;utilisation du site web et sont couverts par<br\/>l&rsquo;exception g\u00e9n\u00e9rale au consentement en vertu de la directive sur la vie priv\u00e9e et les communications \u00e9lectroniques. Nous nous appuyons sur l&rsquo;int\u00e9r\u00eat l\u00e9gitime<br\/>comme base juridique pour traiter les informations personnelles li\u00e9es \u00e0 ces cookies.<br\/>4.2 Objectif fonctionnel<br\/>: Nous utilisons ces cookies pour nous assurer que toutes les fonctionnalit\u00e9s du site web fonctionnent de la mani\u00e8re la plus optimale<br\/>afin d&rsquo;am\u00e9liorer l&rsquo;exp\u00e9rience de l&rsquo;utilisateur. Ces cookies sont sp\u00e9cifiquement<br\/>n\u00e9cessaires pour :  <\/li>\n\n\n\n<li>Proposer le site web dans la bonne langue, en fonction de votre localisation ;<\/li>\n\n\n\n<li>vous offrir d&rsquo;autres fonctionnalit\u00e9s telles que des vid\u00e9os int\u00e9gr\u00e9es.<br\/>Base juridique : Nous nous appuyons sur votre consentement pour ces cookies. Vous pouvez facilement supprimer ces cookies en<br\/>effa\u00e7ant votre navigateur, ou via http:\/\/www.youronlinechoices.eu\/<br\/>4.3 Objectif analytique<br\/>: Nous utilisons des cookies pour analyser et mesurer l&rsquo;utilisation et l&rsquo;efficacit\u00e9 de notre site web<br\/>, ainsi que pour suivre l&rsquo;efficacit\u00e9 de nos campagnes publicitaires sur des plates-formes<br\/>tierces. Nous utilisons \u00e9galement des cookies analytiques pour arr\u00eater les robots et les comportements malveillants tels que le spam<br\/>. Lorsque nous utilisons des cookies analytiques, il peut s&rsquo;agir de cookies de tiers, comme indiqu\u00e9 dans la liste des cookies de<br\/>. Ces cookies analytiques de tiers traitent des donn\u00e9es personnelles, qui sont<br\/>\u00e9galement d\u00e9taill\u00e9es dans la liste des cookies.<br\/>Cela nous aide \u00e0 :    <\/li>\n\n\n\n<li>Mesurer les visites de notre site web ;<\/li>\n\n\n\n<li>Mesurer le temps qu&rsquo;un visiteur passe sur nos pages ;<\/li>\n\n\n\n<li>Mesurer les \u00e9l\u00e9ments de notre site Web qui sont fr\u00e9quemment visit\u00e9s ;<\/li>\n\n\n\n<li>rendre notre site Web plus convivial ; et<\/li>\n\n\n\n<li>\u00e9valuer l&rsquo;efficacit\u00e9 de nos publicit\u00e9s, offres et campagnes.<\/li>\n\n\n\n<li>Mesurer le degr\u00e9 d&rsquo;ouverture des courriers \u00e9lectroniques, tels que les bulletins d&rsquo;information.<br\/>Base juridique : Nous nous appuyons sur votre consentement pour ces cookies. Vous pouvez supprimer ces cookies en effa\u00e7ant<br\/>votre navigateur, ou via http:\/\/www.youronlinechoices.eu\/<br\/>4.4 Publicit\u00e9 :<br\/>Objectif : Ces cookies sont utilis\u00e9s \u00e0 des fins commerciales, \u00e9ditoriales et promotionnelles.<br\/>Ils permettent de suivre votre comportement sur diff\u00e9rents domaines et sites web afin d&rsquo;afficher<br\/>des publicit\u00e9s au contenu sur mesure bas\u00e9es sur vos int\u00e9r\u00eats et pr\u00e9f\u00e9rences, plus sp\u00e9cifiquement : <\/li>\n\n\n\n<li>Pour mesurer vos visites sur le site web et recueillir vos centres d&rsquo;int\u00e9r\u00eat ;<\/li>\n\n\n\n<li>Partager l&rsquo;historique de navigation sur notre site web avec nos partenaires s\u00e9lectionn\u00e9s ;<\/li>\n\n\n\n<li>utiliser des services tiers pour afficher des publicit\u00e9s pertinentes ; et<\/li>\n\n\n\n<li>Pour vous fournir plus d&rsquo;informations sur les produits pour lesquels vous avez manifest\u00e9 de l&rsquo;int\u00e9r\u00eat<br\/>auparavant.<br\/>Les cookies publicitaires sont souvent plac\u00e9s par des tiers. Banden Plan Europa n&rsquo;a pas<br\/>acc\u00e8s aux donn\u00e9es personnelles collect\u00e9es par le biais de ces cookies ou de technologies similaires<br\/>que les annonceurs et les tiers peuvent utiliser, et n&rsquo;exerce aucun contr\u00f4le sur ces donn\u00e9es. Dans la mesure du possible, nous avons essay\u00e9<br\/>de vous fournir autant d&rsquo;informations que possible, mais nous vous renvoyons \u00e0 la d\u00e9claration de confidentialit\u00e9<br\/>de ces tiers pour savoir comment ils traitent les donn\u00e9es personnelles.<br\/>Base juridique : Nous nous appuyons sur votre consentement pour ces cookies. Vous pouvez supprimer ces cookies en effa\u00e7ant<br\/>votre navigateur, ou via http:\/\/www.youronlinechoices.eu\/   <\/li>\n<\/ul>\n\n\n\n<ol class=\"wp-block-list\">\n<li>Pendant combien de temps vos donn\u00e9es seront-elles conserv\u00e9es ?<br\/>Banden Plan Europa conservera vos donn\u00e9es aussi longtemps que n\u00e9cessaire pour l&rsquo;objectif<br\/>pour lequel elles ont \u00e9t\u00e9 fournies. Nous v\u00e9rifions r\u00e9guli\u00e8rement dans nos syst\u00e8mes si vos donn\u00e9es personnelles<br\/>sont toujours n\u00e9cessaires aux fins pour lesquelles elles ont \u00e9t\u00e9 fournies.<br\/>Nous veillons \u00e0 ce que tout ce que vous nous envoyez par l&rsquo;interm\u00e9diaire de notre site web soit s\u00fbr et s\u00e9curis\u00e9. Notre site web<br\/>est h\u00e9berg\u00e9 sur un serveur situ\u00e9 dans l&rsquo;UE. Banden Plan Europa prend<br\/>des mesures techniques et organisationnelles appropri\u00e9es pour prot\u00e9ger vos donn\u00e9es personnelles contre<br\/>la perte, le vol ou d&rsquo;autres formes d&rsquo;acc\u00e8s\/d&rsquo;utilisation non autoris\u00e9s. Nous veillons \u00e0 ce que les donn\u00e9es personnelles ne soient<br\/>accessibles qu&rsquo;aux personnes qui ont besoin d&rsquo;y acc\u00e9der pour faire leur travail et qui sont correctement form\u00e9es<br\/>et autoris\u00e9es.<br\/>Nous nous assurons \u00e9galement que nos partenaires ont pris des mesures organisationnelles et techniques similaires<br\/>pour prot\u00e9ger vos donn\u00e9es contre le vol, la perte ou tout type d&rsquo;utilisation non conforme aux objectifs<br\/>pour lesquels les donn\u00e9es ont \u00e9t\u00e9 collect\u00e9es.    <\/li>\n\n\n\n<li>Comment pouvez-vous exercer vos droits en tant que personne concern\u00e9e ?<br\/>Si vous avez d&rsquo;autres questions concernant cette politique de confidentialit\u00e9, ou si vous souhaitez exercer votre<br\/>droit d&rsquo;opposition au traitement de vos donn\u00e9es \u00e0 caract\u00e8re personnel (comme la suppression, la modification et l&rsquo;acc\u00e8s\/<br\/>portabilit\u00e9), retirer votre consentement pr\u00e9alable, ou si vous avez d&rsquo;autres pr\u00e9occupations, veuillez envoyer un e-mail<br\/>\u00e0 info@bandenplan.nl<br\/>Si vous souhaitez acc\u00e9der \u00e0 vos donn\u00e9es trait\u00e9es par le biais de ce site web, vous pouvez envoyer une<br\/>demande par e-mail \u00e0 info@bandenplan.nl. Afin de v\u00e9rifier votre identit\u00e9, nous vous demandons<br\/>de joindre une photocopie de votre pi\u00e8ce d&rsquo;identit\u00e9 \u00e0 votre demande. Veillez \u00e0 noircir<br\/>votre photo et votre num\u00e9ro de s\u00e9curit\u00e9 sociale.<br\/>Nous traiterons votre demande d\u00e8s que possible, mais dans un d\u00e9lai maximum de quatre semaines.  <\/li>\n<\/ol>\n\n\n\n<p>Veuillez vous r\u00e9f\u00e9rer aux politiques de confidentialit\u00e9 ci-dessous des tiers dont nous utilisons les cookies\/les pixels de suivi<br\/>, afin de conna\u00eetre et de comprendre davantage leurs pratiques de traitement des donn\u00e9es personnelles<br\/>, ainsi que leur guide pour supprimer leurs cookies.<\/p>\n\n\n\n<ol start=\"7\" class=\"wp-block-list\">\n<li>O\u00f9 pouvez-vous trouver les d\u00e9clarations de confidentialit\u00e9 des tiers que nous utilisons (<br\/>) ?<\/li>\n\n\n\n<li>Google<br\/>https:\/\/policies.google.com\/privacy?hl=en<\/li>\n\n\n\n<li>Google Analytics<br\/>https:\/\/support.google.com\/analytics\/topic\/2919631?hl=en&amp;ref_topic=1008008<\/li>\n\n\n\n<li>LinkedIn<br\/>https:\/\/www.linkedin.com\/legal\/cookie-policy<\/li>\n\n\n\n<li>Vimeo<br\/>https:\/\/vimeo.com\/cookie_policy<\/li>\n<\/ol>\n<\/div><\/div>\n\n<\/div><\/div>","protected":false},"excerpt":{"rendered":"<p>Politique de confidentialit\u00e9 D\u00e9claration de confidentialit\u00e9 Banden Plan Europa B.V.Derni\u00e8re \u00e9dition : 5 mai 2022 Cette politique peut \u00eatre mise \u00e0 jour ; veillez \u00e0 consulter r\u00e9guli\u00e8rement cette page.Bienvenue sur www.bandenplan.nl, un site web qui vous est propos\u00e9 par Banden Plan Europa(\u00ab\u00a0Banden Plan Europa\u00a0\u00bb, \u00ab\u00a0Nous\u00a0\u00bb ou \u00ab\u00a0Notre\u00a0\u00bb). Afin de vous permettre de contr\u00f4ler vos donn\u00e9es&#8230;<\/p>\n","protected":false},"author":1,"featured_media":0,"parent":0,"menu_order":0,"comment_status":"closed","ping_status":"open","template":"","meta":{"_kad_blocks_custom_css":"","_kad_blocks_head_custom_js":"","_kad_blocks_body_custom_js":"","_kad_blocks_footer_custom_js":"","_kadence_starter_templates_imported_post":false,"_kad_post_transparent":"","_kad_post_title":"","_kad_post_layout":"","_kad_post_sidebar_id":"","_kad_post_content_style":"","_kad_post_vertical_padding":"","_kad_post_feature":"","_kad_post_feature_position":"","_kad_post_header":false,"_kad_post_footer":false,"_kad_post_classname":"","footnotes":""},"class_list":["post-3264","page","type-page","status-publish","hentry"],"taxonomy_info":[],"featured_image_src_large":false,"author_info":{"display_name":"Banden Plan Europa","author_link":"https:\/\/bandenplan.nl\/fr\/author\/kargrojohannesvanurk-com\/"},"comment_info":0,"_links":{"self":[{"href":"https:\/\/bandenplan.nl\/fr\/wp-json\/wp\/v2\/pages\/3264","targetHints":{"allow":["GET"]}}],"collection":[{"href":"https:\/\/bandenplan.nl\/fr\/wp-json\/wp\/v2\/pages"}],"about":[{"href":"https:\/\/bandenplan.nl\/fr\/wp-json\/wp\/v2\/types\/page"}],"author":[{"embeddable":true,"href":"https:\/\/bandenplan.nl\/fr\/wp-json\/wp\/v2\/users\/1"}],"replies":[{"embeddable":true,"href":"https:\/\/bandenplan.nl\/fr\/wp-json\/wp\/v2\/comments?post=3264"}],"version-history":[{"count":1,"href":"https:\/\/bandenplan.nl\/fr\/wp-json\/wp\/v2\/pages\/3264\/revisions"}],"predecessor-version":[{"id":3265,"href":"https:\/\/bandenplan.nl\/fr\/wp-json\/wp\/v2\/pages\/3264\/revisions\/3265"}],"wp:attachment":[{"href":"https:\/\/bandenplan.nl\/fr\/wp-json\/wp\/v2\/media?parent=3264"}],"curies":[{"name":"wp","href":"https:\/\/api.w.org\/{rel}","templated":true}]}}